{"id":16569,"date":"2026-04-26T03:04:07","date_gmt":"2026-04-26T03:04:07","guid":{"rendered":"https:\/\/www.coloriwatches.com\/product\/kids-watch-with-unicorn-head\/"},"modified":"2026-04-26T03:04:44","modified_gmt":"2026-04-26T03:04:44","slug":"kids-watch-with-unicorn-head","status":"publish","type":"product","link":"https:\/\/www.coloriwatches.com\/it\/prodotto\/kids-watch-with-unicorn-head\/","title":{"rendered":"Orologio per bambini con testa di unicorno"},"content":{"rendered":"<p>Orologio rosa per bambini con testa di unicorno sul quadrante. Questo orologio \u00e8 resistente all'acqua per 5ATM. Per garantire la longevit\u00e0 dell'orologio, si consiglia di non indossarlo mentre si nuota. \u00c8 un orologio perfetto per aiutare i bambini a imparare a leggere l'ora.<\/p>","protected":false},"excerpt":{"rendered":"<p>Orologio rosa per bambini con testa di unicorno sul quadrante. Questo orologio \u00e8 resistente all'acqua per 5ATM. Per garantire la longevit\u00e0 dell'orologio, si consiglia di non indossarlo mentre si nuota. \u00c8 un orologio perfetto per aiutare i bambini a imparare a leggere l'ora.<\/p>","protected":false},"featured_media":20574,"comment_status":"closed","ping_status":"open","template":"","meta":[],"product_brand":[],"product_cat":[51,52],"product_tag":[25],"class_list":{"0":"post-16569","1":"product","2":"type-product","3":"status-publish","4":"has-post-thumbnail","6":"product_cat-animals","7":"product_cat-fantasy","8":"product_tag-sale","9":"pa_color-pink","10":"pa_ean13-81","12":"first","13":"instock","14":"sale","15":"shipping-taxable","16":"purchasable","17":"product-type-simple"},"_links":{"self":[{"href":"https:\/\/www.coloriwatches.com\/it\/wp-json\/wp\/v2\/product\/16569","targetHints":{"allow":["GET"]}}],"collection":[{"href":"https:\/\/www.coloriwatches.com\/it\/wp-json\/wp\/v2\/product"}],"about":[{"href":"https:\/\/www.coloriwatches.com\/it\/wp-json\/wp\/v2\/types\/product"}],"replies":[{"embeddable":true,"href":"https:\/\/www.coloriwatches.com\/it\/wp-json\/wp\/v2\/comments?post=16569"}],"wp:featuredmedia":[{"embeddable":true,"href":"https:\/\/www.coloriwatches.com\/it\/wp-json\/wp\/v2\/media\/20574"}],"wp:attachment":[{"href":"https:\/\/www.coloriwatches.com\/it\/wp-json\/wp\/v2\/media?parent=16569"}],"wp:term":[{"taxonomy":"product_brand","embeddable":true,"href":"https:\/\/www.coloriwatches.com\/it\/wp-json\/wp\/v2\/product_brand?post=16569"},{"taxonomy":"product_cat","embeddable":true,"href":"https:\/\/www.coloriwatches.com\/it\/wp-json\/wp\/v2\/product_cat?post=16569"},{"taxonomy":"product_tag","embeddable":true,"href":"https:\/\/www.coloriwatches.com\/it\/wp-json\/wp\/v2\/product_tag?post=16569"}],"curies":[{"name":"wp","href":"https:\/\/api.w.org\/{rel}","templated":true}]}}