{"id":16563,"date":"2026-04-26T03:04:07","date_gmt":"2026-04-26T03:04:07","guid":{"rendered":"https:\/\/www.coloriwatches.com\/product\/kids-watch-with-emoji-hearts\/"},"modified":"2026-04-26T03:04:28","modified_gmt":"2026-04-26T03:04:28","slug":"kids-watch-with-emoji-hearts","status":"publish","type":"product","link":"https:\/\/www.coloriwatches.com\/it\/prodotto\/kids-watch-with-emoji-hearts\/","title":{"rendered":"Orologio per bambini con cuori emoji"},"content":{"rendered":"<p>Orologio bianco per bambini con emoji a forma di cuore sul quadrante. Questo orologio \u00e8 resistente all'acqua per 5ATM. Per garantire la longevit\u00e0 dell'orologio, si consiglia di non indossarlo mentre si nuota. \u00c8 un orologio perfetto per aiutare i bambini a imparare a leggere l'ora.<\/p>","protected":false},"excerpt":{"rendered":"<p>Orologio bianco per bambini con emoji a forma di cuore sul quadrante. Questo orologio \u00e8 resistente all'acqua per 5ATM. Per garantire la longevit\u00e0 dell'orologio, si consiglia di non indossarlo mentre si nuota. \u00c8 un orologio perfetto per aiutare i bambini a imparare a leggere l'ora.<\/p>","protected":false},"featured_media":20570,"comment_status":"closed","ping_status":"open","template":"","meta":[],"product_brand":[],"product_cat":[53],"product_tag":[],"class_list":{"0":"post-16563","1":"product","2":"type-product","3":"status-publish","4":"has-post-thumbnail","6":"product_cat-emojis","7":"pa_color-white","8":"pa_ean13-79","10":"first","11":"instock","12":"shipping-taxable","13":"purchasable","14":"product-type-simple"},"_links":{"self":[{"href":"https:\/\/www.coloriwatches.com\/it\/wp-json\/wp\/v2\/product\/16563","targetHints":{"allow":["GET"]}}],"collection":[{"href":"https:\/\/www.coloriwatches.com\/it\/wp-json\/wp\/v2\/product"}],"about":[{"href":"https:\/\/www.coloriwatches.com\/it\/wp-json\/wp\/v2\/types\/product"}],"replies":[{"embeddable":true,"href":"https:\/\/www.coloriwatches.com\/it\/wp-json\/wp\/v2\/comments?post=16563"}],"wp:featuredmedia":[{"embeddable":true,"href":"https:\/\/www.coloriwatches.com\/it\/wp-json\/wp\/v2\/media\/20570"}],"wp:attachment":[{"href":"https:\/\/www.coloriwatches.com\/it\/wp-json\/wp\/v2\/media?parent=16563"}],"wp:term":[{"taxonomy":"product_brand","embeddable":true,"href":"https:\/\/www.coloriwatches.com\/it\/wp-json\/wp\/v2\/product_brand?post=16563"},{"taxonomy":"product_cat","embeddable":true,"href":"https:\/\/www.coloriwatches.com\/it\/wp-json\/wp\/v2\/product_cat?post=16563"},{"taxonomy":"product_tag","embeddable":true,"href":"https:\/\/www.coloriwatches.com\/it\/wp-json\/wp\/v2\/product_tag?post=16563"}],"curies":[{"name":"wp","href":"https:\/\/api.w.org\/{rel}","templated":true}]}}