{"id":16548,"date":"2026-04-27T03:02:42","date_gmt":"2026-04-27T03:02:42","guid":{"rendered":"https:\/\/www.coloriwatches.com\/product\/kids-watch-with-unicorn-silhouette\/"},"modified":"2026-04-27T03:03:28","modified_gmt":"2026-04-27T03:03:28","slug":"kids-watch-with-unicorn-silhouette","status":"publish","type":"product","link":"https:\/\/www.coloriwatches.com\/it\/prodotto\/kids-watch-with-unicorn-silhouette\/","title":{"rendered":"Orologio per bambini con sagoma di unicorno"},"content":{"rendered":"<p>Orologio per bambini verde menta con la silhouette di un unicorno sul quadrante. Questo orologio \u00e8 resistente all'acqua per 5ATM. Per garantire la longevit\u00e0 dell'orologio, si consiglia di non indossarlo mentre si nuota. \u00c8 un orologio perfetto per aiutare i bambini a imparare a leggere l'ora.<\/p>","protected":false},"excerpt":{"rendered":"<p>Orologio per bambini verde menta con la silhouette di un unicorno sul quadrante. Questo orologio \u00e8 resistente all'acqua per 5ATM. Per garantire la longevit\u00e0 dell'orologio, si consiglia di non indossarlo mentre si nuota. \u00c8 un orologio perfetto per aiutare i bambini a imparare a leggere l'ora.<\/p>","protected":false},"featured_media":20608,"comment_status":"closed","ping_status":"open","template":"","meta":[],"product_brand":[],"product_cat":[51,52],"product_tag":[],"class_list":{"0":"post-16548","1":"product","2":"type-product","3":"status-publish","4":"has-post-thumbnail","6":"product_cat-animals","7":"product_cat-fantasy","8":"pa_color-green","9":"pa_ean13-74","11":"first","12":"instock","13":"shipping-taxable","14":"purchasable","15":"product-type-simple"},"_links":{"self":[{"href":"https:\/\/www.coloriwatches.com\/it\/wp-json\/wp\/v2\/product\/16548","targetHints":{"allow":["GET"]}}],"collection":[{"href":"https:\/\/www.coloriwatches.com\/it\/wp-json\/wp\/v2\/product"}],"about":[{"href":"https:\/\/www.coloriwatches.com\/it\/wp-json\/wp\/v2\/types\/product"}],"replies":[{"embeddable":true,"href":"https:\/\/www.coloriwatches.com\/it\/wp-json\/wp\/v2\/comments?post=16548"}],"wp:featuredmedia":[{"embeddable":true,"href":"https:\/\/www.coloriwatches.com\/it\/wp-json\/wp\/v2\/media\/20608"}],"wp:attachment":[{"href":"https:\/\/www.coloriwatches.com\/it\/wp-json\/wp\/v2\/media?parent=16548"}],"wp:term":[{"taxonomy":"product_brand","embeddable":true,"href":"https:\/\/www.coloriwatches.com\/it\/wp-json\/wp\/v2\/product_brand?post=16548"},{"taxonomy":"product_cat","embeddable":true,"href":"https:\/\/www.coloriwatches.com\/it\/wp-json\/wp\/v2\/product_cat?post=16548"},{"taxonomy":"product_tag","embeddable":true,"href":"https:\/\/www.coloriwatches.com\/it\/wp-json\/wp\/v2\/product_tag?post=16548"}],"curies":[{"name":"wp","href":"https:\/\/api.w.org\/{rel}","templated":true}]}}