{"id":16530,"date":"2026-04-29T03:02:37","date_gmt":"2026-04-29T03:02:37","guid":{"rendered":"https:\/\/www.coloriwatches.com\/product\/kids-watch-with-dinosaur\/"},"modified":"2026-04-29T03:02:38","modified_gmt":"2026-04-29T03:02:38","slug":"kids-watch-with-dinosaur","status":"publish","type":"product","link":"https:\/\/www.coloriwatches.com\/it\/prodotto\/kids-watch-with-dinosaur\/","title":{"rendered":"Orologio per bambini con dinosauro"},"content":{"rendered":"<p>Un orologio nero per bambini con un dinosauro sul quadrante. Questo orologio \u00e8 resistente all'acqua per 5ATM. Per garantire la longevit\u00e0 dell'orologio, si consiglia di non indossarlo mentre si nuota. \u00c8 un orologio perfetto per aiutare i bambini a imparare a leggere l'ora.<\/p>","protected":false},"excerpt":{"rendered":"<p>Un orologio nero per bambini con un dinosauro sul quadrante. Questo orologio \u00e8 resistente all'acqua per 5ATM. Per garantire la longevit\u00e0 dell'orologio, si consiglia di non indossarlo mentre si nuota. \u00c8 un orologio perfetto per aiutare i bambini a imparare a leggere l'ora.<\/p>","protected":false},"featured_media":20695,"comment_status":"closed","ping_status":"open","template":"","meta":[],"product_brand":[],"product_cat":[51],"product_tag":[],"class_list":{"0":"post-16530","1":"product","2":"type-product","3":"status-publish","4":"has-post-thumbnail","6":"product_cat-animals","7":"pa_color-black","8":"pa_ean13-68","10":"first","11":"instock","12":"shipping-taxable","13":"purchasable","14":"product-type-simple"},"_links":{"self":[{"href":"https:\/\/www.coloriwatches.com\/it\/wp-json\/wp\/v2\/product\/16530","targetHints":{"allow":["GET"]}}],"collection":[{"href":"https:\/\/www.coloriwatches.com\/it\/wp-json\/wp\/v2\/product"}],"about":[{"href":"https:\/\/www.coloriwatches.com\/it\/wp-json\/wp\/v2\/types\/product"}],"replies":[{"embeddable":true,"href":"https:\/\/www.coloriwatches.com\/it\/wp-json\/wp\/v2\/comments?post=16530"}],"wp:featuredmedia":[{"embeddable":true,"href":"https:\/\/www.coloriwatches.com\/it\/wp-json\/wp\/v2\/media\/20695"}],"wp:attachment":[{"href":"https:\/\/www.coloriwatches.com\/it\/wp-json\/wp\/v2\/media?parent=16530"}],"wp:term":[{"taxonomy":"product_brand","embeddable":true,"href":"https:\/\/www.coloriwatches.com\/it\/wp-json\/wp\/v2\/product_brand?post=16530"},{"taxonomy":"product_cat","embeddable":true,"href":"https:\/\/www.coloriwatches.com\/it\/wp-json\/wp\/v2\/product_cat?post=16530"},{"taxonomy":"product_tag","embeddable":true,"href":"https:\/\/www.coloriwatches.com\/it\/wp-json\/wp\/v2\/product_tag?post=16530"}],"curies":[{"name":"wp","href":"https:\/\/api.w.org\/{rel}","templated":true}]}}