{"id":10,"date":"2022-12-12T12:59:44","date_gmt":"2022-12-12T12:59:44","guid":{"rendered":"https:\/\/coloriwatches.com\/dev_epic_staging\/?page_id=10"},"modified":"2026-03-18T09:22:33","modified_gmt":"2026-03-18T09:22:33","slug":"terms-conditions","status":"publish","type":"page","link":"https:\/\/www.coloriwatches.com\/it\/terms-conditions\/","title":{"rendered":"Termini e condizioni"},"content":{"rendered":"<div data-elementor-type=\"wp-page\" data-elementor-id=\"10\" class=\"elementor elementor-10\" data-elementor-post-type=\"page\">\n\t\t\t\t\t\t<section data-particle_enable=\"false\" data-particle-mobile-disabled=\"false\" class=\"elementor-section elementor-top-section elementor-element elementor-element-492fe8d4 elementor-section-full_width elementor-section-height-default elementor-section-height-default\" data-id=\"492fe8d4\" data-element_type=\"section\" data-e-type=\"section\">\n\t\t\t\t\t\t<div class=\"elementor-container elementor-column-gap-default\">\n\t\t\t\t\t<div class=\"elementor-column elementor-col-100 elementor-top-column elementor-element elementor-element-4c77f014\" data-id=\"4c77f014\" data-element_type=\"column\" data-e-type=\"column\">\n\t\t\t<div class=\"elementor-widget-wrap elementor-element-populated\">\n\t\t\t\t\t\t<div class=\"elementor-element elementor-element-4f06aa24 elementor--h-position-right elementor--v-position-bottom elementor-arrows-position-inside elementor-pagination-position-inside elementor-widget elementor-widget-slides\" data-id=\"4f06aa24\" data-element_type=\"widget\" data-e-type=\"widget\" data-settings=\"{&quot;navigation&quot;:&quot;both&quot;,&quot;autoplay&quot;:&quot;yes&quot;,&quot;pause_on_hover&quot;:&quot;yes&quot;,&quot;pause_on_interaction&quot;:&quot;yes&quot;,&quot;autoplay_speed&quot;:5000,&quot;infinite&quot;:&quot;yes&quot;,&quot;transition&quot;:&quot;slide&quot;,&quot;transition_speed&quot;:500}\" data-widget_type=\"slides.default\">\n\t\t\t\t<div class=\"elementor-widget-container\">\n\t\t\t\t\t\t\t\t\t<div class=\"elementor-swiper\">\n\t\t\t\t\t<div class=\"elementor-slides-wrapper elementor-main-swiper swiper\" role=\"region\" aria-roledescription=\"carousel\" aria-label=\"Diapositive\" dir=\"ltr\" data-animation=\"fadeInUp\">\n\t\t\t\t<div class=\"swiper-wrapper elementor-slides\">\n\t\t\t\t\t\t\t\t\t\t<div class=\"elementor-repeater-item-abcb381 swiper-slide\" role=\"group\" aria-roledescription=\"slide\"><div class=\"swiper-slide-bg\" role=\"img\" aria-label=\"Banner_FAQ\"><\/div><div class=\"swiper-slide-inner\" ><div class=\"swiper-slide-contents\"><\/div><\/div><\/div>\t\t\t\t<\/div>\n\t\t\t\t\t\t\t<\/div>\n\t\t\t\t<\/div>\n\t\t\t\t\t\t\t\t<\/div>\n\t\t\t\t<\/div>\n\t\t\t\t\t<\/div>\n\t\t<\/div>\n\t\t\t\t\t<\/div>\n\t\t<\/section>\n\t\t\t\t<section data-particle_enable=\"false\" data-particle-mobile-disabled=\"false\" class=\"elementor-section elementor-top-section elementor-element elementor-element-13b64088 elementor-section-boxed elementor-section-height-default elementor-section-height-default\" data-id=\"13b64088\" data-element_type=\"section\" data-e-type=\"section\">\n\t\t\t\t\t\t<div class=\"elementor-container elementor-column-gap-default\">\n\t\t\t\t\t<div class=\"elementor-column elementor-col-100 elementor-top-column elementor-element elementor-element-67181eec\" data-id=\"67181eec\" data-element_type=\"column\" data-e-type=\"column\">\n\t\t\t<div class=\"elementor-widget-wrap elementor-element-populated\">\n\t\t\t\t\t\t<div class=\"elementor-element elementor-element-7de8c863 elementor-widget elementor-widget-text-editor\" data-id=\"7de8c863\" data-element_type=\"widget\" data-e-type=\"widget\" data-widget_type=\"text-editor.default\">\n\t\t\t\t<div class=\"elementor-widget-container\">\n\t\t\t\t\t\t\t\t\t<p><\/p>\n<p><span lang=\"EN-US\">- Ultimo aggiornamento: 1 gennaio 2023.<\/span><\/p>\n<p>&nbsp;<\/p>\n<p><b>Colori Kidz<\/b><\/p>\n<p><span lang=\"EN-US\">I presenti termini e condizioni generali si applicano a tutte le offerte di Colori Kidz e a tutti i contratti stipulati con la nostra azienda. Colori Kidz opera con il nome commerciale di Ron Offenbach B.V., riconosciuto dalla legge olandese. La sede principale si trova nei Paesi Bassi, in De Wetering 101, 4906 CT a Oosterhout. L'azienda \u00e8 registrata presso la Camera di Commercio olandese, Capitolo Oosterhout, con il numero DCC 20092690.<\/span><\/p>\n<p><span lang=\"EN-US\">\u00a0<\/span><\/p>\n<p><b>Generale<\/b><\/p>\n<p><span lang=\"EN-US\">Le condizioni di consegna e di pagamento si applicano a tutti i prodotti Colori Kidz. \u00c8 accessibile a tutti attraverso la homepage di Colori Kidz www.coloriwatches.com.<\/span><\/p>\n<p><span lang=\"EN-US\">L'approvazione di questi termini e condizioni dopo la conferma dell'ordine costituisce un accordo vincolante. Allo stesso modo, una volta ricevuto l'ordine, riceverete un'e-mail di conferma automatica.<\/span><\/p>\n<p><span lang=\"EN-US\">In caso di restituzione, si prega di informare il team di assistenza clienti Colori Kidz entro 14 giorni e di attendere istruzioni prima di intraprendere qualsiasi azione. Una volta restituito l'articolo, si prega di attendere fino a 14 giorni dalla data di ricezione per elaborare il rimborso e accreditarlo sul metodo di pagamento utilizzato.<\/span><\/p>\n<p><span lang=\"EN-US\">\u00a0<\/span><\/p>\n<p><b>Prezzo garantito<\/b><\/p>\n<p><span lang=\"EN-US\">Questa pagina web pu\u00f2 contenere errori tipografici e i colori dei prodotti raffigurati possono discostarsi leggermente dalla realt\u00e0. Pertanto, Colori Kidz non \u00e8 responsabile di eventuali imprecisioni derivanti da errori dei prodotti visualizzati, se non preventivamente segnalati.<\/span><\/p>\n<p><span lang=\"EN-US\">Tutti i prezzi offerti sul nostro sito web sono espressi in EURO e sono comprensivi di IVA, che soddisfa i requisiti specifici della legge olandese. Nel caso in cui l'ordine venga effettuato al di fuori dell'UE, si prega di notare che potrebbero essere applicati dazi locali, a seconda della regione, delle dogane e delle tasse locali. Tali spese sono a carico del cliente. Si noti inoltre che Colori Kidz non ha alcun controllo decisivo su queste spese. Si consiglia pertanto di contattare l'ufficio doganale locale per ulteriori informazioni.<\/span><\/p>\n<p><span lang=\"EN-US\">Colori Kidz si riserva il diritto di modificare i prezzi in qualsiasi momento. Tuttavia, il prodotto verr\u00e0 fatturato in base al momento dell'ordine.<\/span><\/p>\n<p><b>\u00a0<\/b><\/p>\n<p><b>Costi di spedizione<\/b><\/p>\n<table style=\"border-collapse: collapse;\" width=\"443\">\n<tbody>\n<tr>\n<td style=\"border: none;\" width=\"152\"><b>Al di fuori dell'UE<\/b><\/td>\n<td style=\"border: none;\" width=\"168\">Nessuna consegna gratuita<\/td>\n<td style=\"border: none;\" width=\"123\">\u00a0<\/td>\n<\/tr>\n<tr>\n<td style=\"border: none;\"><b>All'interno dell'UE<\/b><\/td>\n<td style=\"border: none;\">Oltre 75 euro consegna gratuita<\/td>\n<td style=\"border: none;\">\u00a0<\/td>\n<\/tr>\n<tr>\n<td style=\"border: none;\">\u00a0<\/td>\n<td style=\"border: none;\">\u00a0<\/td>\n<td style=\"border: none;\">\u00a0<\/td>\n<\/tr>\n<tr>\n<td style=\"border: none;\"><b>Paesi<\/b><\/td>\n<td style=\"border: none;\"><b>Costi di spedizione<\/b><\/td>\n<td style=\"border: none;\"><b>Tempi di consegna<\/b><\/td>\n<\/tr>\n<tr>\n<td style=\"border: none;\">Paesi Bassi<\/td>\n<td style=\"border: none;\">Al di sotto di \u20ac 75,- = \u20ac 5,95<\/td>\n<td style=\"border: none;\">1-2 giorni lavorativi<\/td>\n<\/tr>\n<tr>\n<td style=\"border: none;\">Germania<\/td>\n<td style=\"border: none;\">Al di sotto di \u20ac 75,- = \u20ac 5,95<\/td>\n<td style=\"border: none;\">2-3 giorni lavorativi<\/td>\n<\/tr>\n<tr>\n<td style=\"border: none;\">Belgio<\/td>\n<td style=\"border: none;\">Al di sotto di \u20ac 75,- = \u20ac 5,95<\/td>\n<td style=\"border: none;\">1-2 giorni lavorativi<\/td>\n<\/tr>\n<tr>\n<td style=\"border: none;\">Francia<\/td>\n<td style=\"border: none;\">Al di sotto di \u20ac 75,- = \u20ac 5,95<\/td>\n<td style=\"border: none;\">2-4 giorni lavorativi<\/td>\n<\/tr>\n<tr>\n<td style=\"border: none;\">Lussemburgo<\/td>\n<td style=\"border: none;\">Al di sotto di \u20ac 75,- = \u20ac 5,95<\/td>\n<td style=\"border: none;\">1-2 giorni lavorativi<\/td>\n<\/tr>\n<tr>\n<td style=\"border: none;\">Austria<\/td>\n<td style=\"border: none;\">Al di sotto di \u20ac 75,- = \u20ac 5,95<\/td>\n<td style=\"border: none;\">2-3 giorni lavorativi<\/td>\n<\/tr>\n<tr>\n<td style=\"border: none;\">Bulgaria<\/td>\n<td style=\"border: none;\">Al di sotto di \u20ac 75,- = \u20ac 14,95<\/td>\n<td style=\"border: none;\">4-6 giorni lavorativi<\/td>\n<\/tr>\n<tr>\n<td style=\"border: none;\">Cipro<\/td>\n<td style=\"border: none;\">Al di sotto di \u20ac 75,- = \u20ac 14,95<\/td>\n<td style=\"border: none;\">4-6 giorni lavorativi<\/td>\n<\/tr>\n<tr>\n<td style=\"border: none;\">Danimarca<\/td>\n<td style=\"border: none;\">Al di sotto di \u20ac 75,- = \u20ac 14,95<\/td>\n<td style=\"border: none;\">2-3 giorni lavorativi<\/td>\n<\/tr>\n<tr>\n<td style=\"border: none;\">Estonia<\/td>\n<td style=\"border: none;\">Al di sotto di \u20ac 75,- = \u20ac 14,95<\/td>\n<td style=\"border: none;\">4-6 giorni lavorativi<\/td>\n<\/tr>\n<tr>\n<td style=\"border: none;\">Grecia<\/td>\n<td style=\"border: none;\">Al di sotto di \u20ac 75,- = \u20ac 14,95<\/td>\n<td style=\"border: none;\">3-6 giorni lavorativi<\/td>\n<\/tr>\n<tr>\n<td style=\"border: none;\">Ungheria<\/td>\n<td style=\"border: none;\">Al di sotto di \u20ac 75,- = \u20ac 5,95<\/td>\n<td style=\"border: none;\">2-3 giorni lavorativi<\/td>\n<\/tr>\n<tr>\n<td style=\"border: none;\">Irlanda<\/td>\n<td style=\"border: none;\">Al di sotto di \u20ac 75,- = \u20ac 14,95<\/td>\n<td style=\"border: none;\">2-6 giorni lavorativi<\/td>\n<\/tr>\n<tr>\n<td style=\"border: none;\">Italia<\/td>\n<td style=\"border: none;\">Al di sotto di \u20ac 75,- = \u20ac 14,95<\/td>\n<td style=\"border: none;\">2-3 giorni lavorativi<\/td>\n<\/tr>\n<tr>\n<td style=\"border: none;\">Croazia<\/td>\n<td style=\"border: none;\">Al di sotto di \u20ac 75,- = \u20ac 14,95<\/td>\n<td style=\"border: none;\">5-8 giorni lavorativi<\/td>\n<\/tr>\n<tr>\n<td style=\"border: none;\">Lettonia<\/td>\n<td style=\"border: none;\">Al di sotto di \u20ac 75,- = \u20ac 14,95<\/td>\n<td style=\"border: none;\">3-6 giorni lavorativi<\/td>\n<\/tr>\n<tr>\n<td style=\"border: none;\">Lituania<\/td>\n<td style=\"border: none;\">Al di sotto di \u20ac 75,- = \u20ac 14,95<\/td>\n<td style=\"border: none;\">4-6 giorni lavorativi<\/td>\n<\/tr>\n<tr>\n<td style=\"border: none;\">Malta<\/td>\n<td style=\"border: none;\">Al di sotto di \u20ac 75,- = \u20ac 14,95<\/td>\n<td style=\"border: none;\">3-6 giorni lavorativi<\/td>\n<\/tr>\n<tr>\n<td style=\"border: none;\">Polonia<\/td>\n<td style=\"border: none;\">Al di sotto di \u20ac 75,- = \u20ac 5,95<\/td>\n<td style=\"border: none;\">2-4 giorni lavorativi<\/td>\n<\/tr>\n<tr>\n<td style=\"border: none;\">Portogallo<\/td>\n<td style=\"border: none;\">Al di sotto di \u20ac 75,- = \u20ac 14,95<\/td>\n<td style=\"border: none;\">3-5 giorni lavorativi<\/td>\n<\/tr>\n<tr>\n<td style=\"border: none;\">Romania<\/td>\n<td style=\"border: none;\">Al di sotto di \u20ac 75,- = \u20ac 14,95<\/td>\n<td style=\"border: none;\">3-6 giorni lavorativi<\/td>\n<\/tr>\n<tr>\n<td style=\"border: none;\">Slovenia<\/td>\n<td style=\"border: none;\">Al di sotto di \u20ac 75,- = \u20ac 14,95<\/td>\n<td style=\"border: none;\">2-4 giorni lavorativi<\/td>\n<\/tr>\n<tr>\n<td style=\"border: none;\">Slovacchia<\/td>\n<td style=\"border: none;\">Al di sotto di \u20ac 75,- = \u20ac 5,95<\/td>\n<td style=\"border: none;\">3-6 giorni lavorativi<\/td>\n<\/tr>\n<tr>\n<td style=\"border: none;\">Spagna<\/td>\n<td style=\"border: none;\">Al di sotto di \u20ac 75,- = \u20ac 14,95<\/td>\n<td style=\"border: none;\">3-5 giorni lavorativi<\/td>\n<\/tr>\n<tr>\n<td style=\"border: none;\">Svezia<\/td>\n<td style=\"border: none;\">Al di sotto di \u20ac 75,- = \u20ac 14,95<\/td>\n<td style=\"border: none;\">2-5 giorni lavorativi<\/td>\n<\/tr>\n<tr>\n<td style=\"border: none;\">Finlandia<\/td>\n<td style=\"border: none;\">Al di sotto di \u20ac 75,- = \u20ac 14,95<\/td>\n<td style=\"border: none;\">3-6 giorni lavorativi<\/td>\n<\/tr>\n<tr>\n<td style=\"border: none;\">Tutti gli altri paesi<\/td>\n<td style=\"border: none;\">\u20ac29,95<\/td>\n<td style=\"border: none;\">\u00a0<\/td>\n<\/tr>\n<\/tbody>\n<\/table>\n<p><span lang=\"EN-US\">PAGAMENTO SICURO<\/span><\/p>\n<p><span lang=\"EN-US\">Metodi di pagamento disponibili per l'Unione Europea: IDEAL, PayPal, Visa e Mastercard<\/span><\/p>\n<p><span lang=\"EN-US\">\u00a0<\/span><\/p>\t\t\t\t\t\t\t\t<\/div>\n\t\t\t\t<\/div>\n\t\t\t\t<div class=\"elementor-element elementor-element-ae2123e elementor-widget elementor-widget-menu-anchor\" data-id=\"ae2123e\" data-element_type=\"widget\" data-e-type=\"widget\" data-widget_type=\"menu-anchor.default\">\n\t\t\t\t<div class=\"elementor-widget-container\">\n\t\t\t\t\t\t\t<div class=\"elementor-menu-anchor\" id=\"section_target\"><\/div>\n\t\t\t\t\t\t<\/div>\n\t\t\t\t<\/div>\n\t\t\t\t<div class=\"elementor-element elementor-element-092f96d elementor-widget elementor-widget-text-editor\" data-id=\"092f96d\" data-element_type=\"widget\" data-e-type=\"widget\" data-widget_type=\"text-editor.default\">\n\t\t\t\t<div class=\"elementor-widget-container\">\n\t\t\t\t\t\t\t\t\t<p><span style=\"color: var( --e-global-color-primary ); font-family: var( --e-global-typography-primary-font-family ), Sans-serif; font-size: var( --e-global-typography-primary-font-size ); font-weight: var( --e-global-typography-primary-font-weight ); letter-spacing: var( --e-global-typography-primary-letter-spacing );\">\u00a0<\/span><b style=\"color: var( --e-global-color-primary ); font-family: var( --e-global-typography-primary-font-family ), Sans-serif; font-size: var( --e-global-typography-primary-font-size ); letter-spacing: var( --e-global-typography-primary-letter-spacing );\">Consegna<\/b><\/p>\n<p><span lang=\"EN-US\">Colori Kidz non pu\u00f2 essere ritenuta responsabile per la perdita della spedizione causata dall'errata indicazione dell'indirizzo di consegna da parte dell'acquirente. In caso di necessit\u00e0 di informazioni, Colori Kidz potr\u00e0 contattarvi per ulteriori richieste. Si deve pertanto considerare che potrebbe verificarsi un ritardo nella consegna.<\/span><\/p>\n<p><span lang=\"EN-US\">In caso di danni o di consegna incompleta, \u00e8 necessario informare il team di assistenza clienti di Colori Kidz entro 24 ore dal ricevimento dei prodotti. Si prega di attendere le istruzioni via e-mail per la spedizione del reso.<\/span><\/p>\n<p><span lang=\"EN-US\">\u00a0<\/span><\/p>\n<p><b>Omaggio*<\/b><\/p>\n<p><span lang=\"EN-US\">Riceverete un omaggio con il vostro ordine fino ad esaurimento scorte. <\/span><\/p>\n<p><span lang=\"EN-US\">\u00a0<\/span><\/p>\n<p><b>Responsabilit\u00e0<\/b><\/p>\n<p><span lang=\"EN-US\">Colori Kidz cerca di rispettare gli obiettivi di consegna previsti e non pu\u00f2 essere ritenuta responsabile per eventuali ritardi nella consegna di un ordine.<\/span><\/p>\n<p><span lang=\"EN-US\">\u00a0<\/span><\/p>\n<p><b>Garanzia e riparazione<\/b><\/p>\n<p><span lang=\"EN-US\">Il vostro acquisto presso Colori Kidz \u00e8 garantito per un periodo di 6 mesi dalla data di acquisto secondo i termini e le condizioni della presente garanzia. La garanzia copre i difetti di materiale e di fabbricazione esistenti al momento dell'acquisto ed entra in vigore solo se il certificato di garanzia \u00e8 corretto e completo.<\/span><\/p>\n<p><span lang=\"EN-US\">\u00a0<\/span><\/p>\n<p><span lang=\"EN-US\">La garanzia del produttore non si applica in caso di:<\/span><\/p>\n<p><span lang=\"EN-US\">Danni derivanti da uso improprio, mancanza di cura, negligenza e incidenti come graffi, rimbalzi o cadute dei prodotti Colori Kidz.<\/span><\/p>\n<p><span lang=\"EN-US\">Prodotti manipolati da persone non autorizzate, senza il permesso scritto di Colori Kidz.<\/span><\/p>\n<p><span lang=\"EN-US\">In caso di domande relative a resi e garanzia, l'acquirente pu\u00f2 sempre contattare Colori Kidz via email: info@coloriwatches.com<\/span><\/p>\n<p><span lang=\"EN-US\">\u00a0<\/span><\/p>\n<p><b>Leggi applicabili<\/b><\/p>\n<p>\u00a0<\/p>\n<p><span lang=\"EN-US\">La legge olandese si applica a tutti gli accordi e ai rapporti legali tra Colori Kidz e il suo cliente, indipendentemente dal luogo in cui l'ordine viene effettuato e spedito.<\/span><\/p>\n<p><\/p>\t\t\t\t\t\t\t\t<\/div>\n\t\t\t\t<\/div>\n\t\t\t\t\t<\/div>\n\t\t<\/div>\n\t\t\t\t\t<\/div>\n\t\t<\/section>\n\t\t\t\t<\/div>","protected":false},"excerpt":{"rendered":"<p>\u2013 Last updated on January 1, 2023 \u2013 &nbsp; Colori Kidz These general terms and conditions apply to all offers of Colori Kidz and all agreements entered into our company. Colori Kidz operates under the trade name of Ron Offenbach B.V., which is recognized under the Dutch law. Its head office is based in The [&hellip;]<\/p>\n","protected":false},"author":1,"featured_media":0,"parent":0,"menu_order":0,"comment_status":"closed","ping_status":"closed","template":"","meta":{"footnotes":""},"class_list":["post-10","page","type-page","status-publish","hentry"],"_links":{"self":[{"href":"https:\/\/www.coloriwatches.com\/it\/wp-json\/wp\/v2\/pages\/10","targetHints":{"allow":["GET"]}}],"collection":[{"href":"https:\/\/www.coloriwatches.com\/it\/wp-json\/wp\/v2\/pages"}],"about":[{"href":"https:\/\/www.coloriwatches.com\/it\/wp-json\/wp\/v2\/types\/page"}],"author":[{"embeddable":true,"href":"https:\/\/www.coloriwatches.com\/it\/wp-json\/wp\/v2\/users\/1"}],"replies":[{"embeddable":true,"href":"https:\/\/www.coloriwatches.com\/it\/wp-json\/wp\/v2\/comments?post=10"}],"version-history":[{"count":40,"href":"https:\/\/www.coloriwatches.com\/it\/wp-json\/wp\/v2\/pages\/10\/revisions"}],"predecessor-version":[{"id":18680,"href":"https:\/\/www.coloriwatches.com\/it\/wp-json\/wp\/v2\/pages\/10\/revisions\/18680"}],"wp:attachment":[{"href":"https:\/\/www.coloriwatches.com\/it\/wp-json\/wp\/v2\/media?parent=10"}],"curies":[{"name":"wp","href":"https:\/\/api.w.org\/{rel}","templated":true}]}}