{"id":16563,"date":"2026-04-26T03:04:07","date_gmt":"2026-04-26T03:04:07","guid":{"rendered":"https:\/\/www.coloriwatches.com\/product\/kids-watch-with-emoji-hearts\/"},"modified":"2026-04-26T03:04:28","modified_gmt":"2026-04-26T03:04:28","slug":"kids-watch-with-emoji-hearts","status":"publish","type":"product","link":"https:\/\/www.coloriwatches.com\/fr\/produit\/kids-watch-with-emoji-hearts\/","title":{"rendered":"Montre pour enfants avec Emoji Hearts"},"content":{"rendered":"<p>Une montre blanche pour enfants avec un emoji yeux de coeur sur le cadran. Cette montre est \u00e9tanche \u00e0 5ATM. Pour assurer la long\u00e9vit\u00e9 de la montre, nous vous conseillons de ne pas la porter lorsque vous nagez. Cette montre est id\u00e9ale pour aider les enfants \u00e0 apprendre \u00e0 lire l'heure.<\/p>","protected":false},"excerpt":{"rendered":"<p>Une montre blanche pour enfants avec un emoji yeux de coeur sur le cadran. Cette montre est \u00e9tanche \u00e0 5ATM. Pour assurer la long\u00e9vit\u00e9 de la montre, nous vous conseillons de ne pas la porter lorsque vous nagez. Cette montre est id\u00e9ale pour aider les enfants \u00e0 apprendre \u00e0 lire l'heure.<\/p>","protected":false},"featured_media":20570,"comment_status":"closed","ping_status":"open","template":"","meta":[],"product_brand":[],"product_cat":[53],"product_tag":[],"class_list":{"0":"post-16563","1":"product","2":"type-product","3":"status-publish","4":"has-post-thumbnail","6":"product_cat-emojis","7":"pa_color-white","8":"pa_ean13-79","10":"first","11":"instock","12":"shipping-taxable","13":"purchasable","14":"product-type-simple"},"_links":{"self":[{"href":"https:\/\/www.coloriwatches.com\/fr\/wp-json\/wp\/v2\/product\/16563","targetHints":{"allow":["GET"]}}],"collection":[{"href":"https:\/\/www.coloriwatches.com\/fr\/wp-json\/wp\/v2\/product"}],"about":[{"href":"https:\/\/www.coloriwatches.com\/fr\/wp-json\/wp\/v2\/types\/product"}],"replies":[{"embeddable":true,"href":"https:\/\/www.coloriwatches.com\/fr\/wp-json\/wp\/v2\/comments?post=16563"}],"wp:featuredmedia":[{"embeddable":true,"href":"https:\/\/www.coloriwatches.com\/fr\/wp-json\/wp\/v2\/media\/20570"}],"wp:attachment":[{"href":"https:\/\/www.coloriwatches.com\/fr\/wp-json\/wp\/v2\/media?parent=16563"}],"wp:term":[{"taxonomy":"product_brand","embeddable":true,"href":"https:\/\/www.coloriwatches.com\/fr\/wp-json\/wp\/v2\/product_brand?post=16563"},{"taxonomy":"product_cat","embeddable":true,"href":"https:\/\/www.coloriwatches.com\/fr\/wp-json\/wp\/v2\/product_cat?post=16563"},{"taxonomy":"product_tag","embeddable":true,"href":"https:\/\/www.coloriwatches.com\/fr\/wp-json\/wp\/v2\/product_tag?post=16563"}],"curies":[{"name":"wp","href":"https:\/\/api.w.org\/{rel}","templated":true}]}}