{"id":16560,"date":"2026-04-29T03:04:08","date_gmt":"2026-04-29T03:04:08","guid":{"rendered":"https:\/\/www.coloriwatches.com\/product\/kids-watch-with-numbers-green\/"},"modified":"2026-04-29T14:02:07","modified_gmt":"2026-04-29T14:02:07","slug":"kids-watch-with-numbers-green","status":"publish","type":"product","link":"https:\/\/www.coloriwatches.com\/fr\/produit\/kids-watch-with-numbers-green\/","title":{"rendered":"Montre pour enfants avec chiffres verts"},"content":{"rendered":"<p>Une montre pour enfants noire et verte avec de grands chiffres le long et autour du cadran. Cette montre est \u00e9tanche \u00e0 5ATM. Pour assurer la long\u00e9vit\u00e9 de la montre, nous vous conseillons de ne pas la porter lorsque vous nagez. C'est une montre parfaite pour aider les enfants \u00e0 apprendre \u00e0 lire l'heure.<\/p>","protected":false},"excerpt":{"rendered":"<p>Une montre pour enfants noire et verte avec de grands chiffres le long et autour du cadran. Cette montre est \u00e9tanche \u00e0 5ATM. Pour assurer la long\u00e9vit\u00e9 de la montre, nous vous conseillons de ne pas la porter lorsque vous nagez. C'est une montre parfaite pour aider les enfants \u00e0 apprendre \u00e0 lire l'heure.<\/p>","protected":false},"featured_media":20713,"comment_status":"closed","ping_status":"open","template":"","meta":[],"product_brand":[],"product_cat":[49,48],"product_tag":[],"class_list":{"0":"post-16560","1":"product","2":"type-product","3":"status-publish","4":"has-post-thumbnail","6":"product_cat-basic","7":"product_cat-sports","8":"pa_color-multicolor","9":"pa_ean13-78","11":"first","12":"instock","13":"shipping-taxable","14":"purchasable","15":"product-type-simple"},"_links":{"self":[{"href":"https:\/\/www.coloriwatches.com\/fr\/wp-json\/wp\/v2\/product\/16560","targetHints":{"allow":["GET"]}}],"collection":[{"href":"https:\/\/www.coloriwatches.com\/fr\/wp-json\/wp\/v2\/product"}],"about":[{"href":"https:\/\/www.coloriwatches.com\/fr\/wp-json\/wp\/v2\/types\/product"}],"replies":[{"embeddable":true,"href":"https:\/\/www.coloriwatches.com\/fr\/wp-json\/wp\/v2\/comments?post=16560"}],"wp:featuredmedia":[{"embeddable":true,"href":"https:\/\/www.coloriwatches.com\/fr\/wp-json\/wp\/v2\/media\/20713"}],"wp:attachment":[{"href":"https:\/\/www.coloriwatches.com\/fr\/wp-json\/wp\/v2\/media?parent=16560"}],"wp:term":[{"taxonomy":"product_brand","embeddable":true,"href":"https:\/\/www.coloriwatches.com\/fr\/wp-json\/wp\/v2\/product_brand?post=16560"},{"taxonomy":"product_cat","embeddable":true,"href":"https:\/\/www.coloriwatches.com\/fr\/wp-json\/wp\/v2\/product_cat?post=16560"},{"taxonomy":"product_tag","embeddable":true,"href":"https:\/\/www.coloriwatches.com\/fr\/wp-json\/wp\/v2\/product_tag?post=16560"}],"curies":[{"name":"wp","href":"https:\/\/api.w.org\/{rel}","templated":true}]}}