{"id":16539,"date":"2026-04-29T03:02:37","date_gmt":"2026-04-29T03:02:37","guid":{"rendered":"https:\/\/www.coloriwatches.com\/product\/kids-watch-with-hearts\/"},"modified":"2026-04-29T03:03:03","modified_gmt":"2026-04-29T03:03:03","slug":"kids-watch-with-hearts","status":"publish","type":"product","link":"https:\/\/www.coloriwatches.com\/fr\/produit\/kids-watch-with-hearts\/","title":{"rendered":"Les enfants regardent avec le c\u0153ur"},"content":{"rendered":"<p>Une montre rose pour enfants avec des c\u0153urs sur le cadran. Cette montre est \u00e9tanche \u00e0 5ATM. Pour assurer la long\u00e9vit\u00e9 de la montre, nous vous conseillons de ne pas la porter lorsque vous nagez. C'est une montre parfaite pour aider les enfants \u00e0 apprendre \u00e0 lire l'heure.<\/p>","protected":false},"excerpt":{"rendered":"<p>Une montre rose pour enfants avec des c\u0153urs sur le cadran. Cette montre est \u00e9tanche \u00e0 5ATM. Pour assurer la long\u00e9vit\u00e9 de la montre, nous vous conseillons de ne pas la porter lorsque vous nagez. C'est une montre parfaite pour aider les enfants \u00e0 apprendre \u00e0 lire l'heure.<\/p>","protected":false},"featured_media":20701,"comment_status":"closed","ping_status":"open","template":"","meta":[],"product_brand":[],"product_cat":[49],"product_tag":[],"class_list":{"0":"post-16539","1":"product","2":"type-product","3":"status-publish","4":"has-post-thumbnail","6":"product_cat-basic","7":"pa_color-pink","8":"pa_ean13-71","10":"first","11":"instock","12":"shipping-taxable","13":"purchasable","14":"product-type-simple"},"_links":{"self":[{"href":"https:\/\/www.coloriwatches.com\/fr\/wp-json\/wp\/v2\/product\/16539","targetHints":{"allow":["GET"]}}],"collection":[{"href":"https:\/\/www.coloriwatches.com\/fr\/wp-json\/wp\/v2\/product"}],"about":[{"href":"https:\/\/www.coloriwatches.com\/fr\/wp-json\/wp\/v2\/types\/product"}],"replies":[{"embeddable":true,"href":"https:\/\/www.coloriwatches.com\/fr\/wp-json\/wp\/v2\/comments?post=16539"}],"wp:featuredmedia":[{"embeddable":true,"href":"https:\/\/www.coloriwatches.com\/fr\/wp-json\/wp\/v2\/media\/20701"}],"wp:attachment":[{"href":"https:\/\/www.coloriwatches.com\/fr\/wp-json\/wp\/v2\/media?parent=16539"}],"wp:term":[{"taxonomy":"product_brand","embeddable":true,"href":"https:\/\/www.coloriwatches.com\/fr\/wp-json\/wp\/v2\/product_brand?post=16539"},{"taxonomy":"product_cat","embeddable":true,"href":"https:\/\/www.coloriwatches.com\/fr\/wp-json\/wp\/v2\/product_cat?post=16539"},{"taxonomy":"product_tag","embeddable":true,"href":"https:\/\/www.coloriwatches.com\/fr\/wp-json\/wp\/v2\/product_tag?post=16539"}],"curies":[{"name":"wp","href":"https:\/\/api.w.org\/{rel}","templated":true}]}}