{"id":16518,"date":"2023-11-09T09:54:07","date_gmt":"2023-11-09T09:54:07","guid":{"rendered":"https:\/\/www.coloriwatches.com\/product\/kids-watch-with-police-car\/"},"modified":"2026-04-13T14:02:05","modified_gmt":"2026-04-13T14:02:05","slug":"kids-watch-with-police-car","status":"publish","type":"product","link":"https:\/\/www.coloriwatches.com\/fr\/produit\/kids-watch-with-police-car\/","title":{"rendered":"Montre pour enfants avec voiture de police"},"content":{"rendered":"<p>Une montre bleue pour enfants avec une voiture de police sur le cadran. Cette montre est \u00e9tanche \u00e0 5ATM. Pour assurer la long\u00e9vit\u00e9 de la montre, nous vous conseillons de ne pas la porter lorsque vous nagez. C'est une montre parfaite pour aider les enfants \u00e0 apprendre \u00e0 lire l'heure.<\/p>","protected":false},"excerpt":{"rendered":"<p>Une montre bleue pour enfants avec une voiture de police sur le cadran. Cette montre est \u00e9tanche \u00e0 5ATM. Pour assurer la long\u00e9vit\u00e9 de la montre, nous vous conseillons de ne pas la porter lorsque vous nagez. C'est une montre parfaite pour aider les enfants \u00e0 apprendre \u00e0 lire l'heure.<\/p>","protected":false},"featured_media":16519,"comment_status":"closed","ping_status":"open","template":"","meta":[],"product_brand":[],"product_cat":[50],"product_tag":[],"class_list":{"0":"post-16518","1":"product","2":"type-product","3":"status-publish","4":"has-post-thumbnail","6":"product_cat-professions","7":"pa_color-blue","8":"pa_ean13-64","10":"first","11":"outofstock","12":"shipping-taxable","13":"purchasable","14":"product-type-simple"},"_links":{"self":[{"href":"https:\/\/www.coloriwatches.com\/fr\/wp-json\/wp\/v2\/product\/16518","targetHints":{"allow":["GET"]}}],"collection":[{"href":"https:\/\/www.coloriwatches.com\/fr\/wp-json\/wp\/v2\/product"}],"about":[{"href":"https:\/\/www.coloriwatches.com\/fr\/wp-json\/wp\/v2\/types\/product"}],"replies":[{"embeddable":true,"href":"https:\/\/www.coloriwatches.com\/fr\/wp-json\/wp\/v2\/comments?post=16518"}],"wp:featuredmedia":[{"embeddable":true,"href":"https:\/\/www.coloriwatches.com\/fr\/wp-json\/wp\/v2\/media\/16519"}],"wp:attachment":[{"href":"https:\/\/www.coloriwatches.com\/fr\/wp-json\/wp\/v2\/media?parent=16518"}],"wp:term":[{"taxonomy":"product_brand","embeddable":true,"href":"https:\/\/www.coloriwatches.com\/fr\/wp-json\/wp\/v2\/product_brand?post=16518"},{"taxonomy":"product_cat","embeddable":true,"href":"https:\/\/www.coloriwatches.com\/fr\/wp-json\/wp\/v2\/product_cat?post=16518"},{"taxonomy":"product_tag","embeddable":true,"href":"https:\/\/www.coloriwatches.com\/fr\/wp-json\/wp\/v2\/product_tag?post=16518"}],"curies":[{"name":"wp","href":"https:\/\/api.w.org\/{rel}","templated":true}]}}