{"id":3,"date":"2022-12-05T08:36:44","date_gmt":"2022-12-05T08:36:44","guid":{"rendered":"https:\/\/coloriwatches.com\/dev_epic_staging\/?page_id=3"},"modified":"2023-01-11T10:49:38","modified_gmt":"2023-01-11T10:49:38","slug":"privacy-policy","status":"publish","type":"page","link":"https:\/\/www.coloriwatches.com\/fr\/privacy-policy\/","title":{"rendered":"Politique de confidentialit\u00e9"},"content":{"rendered":"<div data-elementor-type=\"wp-page\" data-elementor-id=\"3\" class=\"elementor elementor-3\" data-elementor-post-type=\"page\">\n\t\t\t\t\t\t<section data-particle_enable=\"false\" data-particle-mobile-disabled=\"false\" class=\"elementor-section elementor-top-section elementor-element elementor-element-9d270ab elementor-section-full_width elementor-section-height-default elementor-section-height-default\" data-id=\"9d270ab\" data-element_type=\"section\" data-e-type=\"section\">\n\t\t\t\t\t\t<div class=\"elementor-container elementor-column-gap-default\">\n\t\t\t\t\t<div class=\"elementor-column elementor-col-100 elementor-top-column elementor-element elementor-element-4d85634a\" data-id=\"4d85634a\" data-element_type=\"column\" data-e-type=\"column\">\n\t\t\t<div class=\"elementor-widget-wrap elementor-element-populated\">\n\t\t\t\t\t\t<div class=\"elementor-element elementor-element-6dbca2fb elementor--h-position-right elementor--v-position-bottom elementor-arrows-position-inside elementor-pagination-position-inside elementor-widget elementor-widget-slides\" data-id=\"6dbca2fb\" data-element_type=\"widget\" data-e-type=\"widget\" data-settings=\"{&quot;navigation&quot;:&quot;both&quot;,&quot;autoplay&quot;:&quot;yes&quot;,&quot;pause_on_hover&quot;:&quot;yes&quot;,&quot;pause_on_interaction&quot;:&quot;yes&quot;,&quot;autoplay_speed&quot;:5000,&quot;infinite&quot;:&quot;yes&quot;,&quot;transition&quot;:&quot;slide&quot;,&quot;transition_speed&quot;:500}\" data-widget_type=\"slides.default\">\n\t\t\t\t<div class=\"elementor-widget-container\">\n\t\t\t\t\t\t\t\t\t<div class=\"elementor-swiper\">\n\t\t\t\t\t<div class=\"elementor-slides-wrapper elementor-main-swiper swiper\" role=\"region\" aria-roledescription=\"carousel\" aria-label=\"Diapositives\" dir=\"ltr\" data-animation=\"fadeInUp\">\n\t\t\t\t<div class=\"swiper-wrapper elementor-slides\">\n\t\t\t\t\t\t\t\t\t\t<div class=\"elementor-repeater-item-abcb381 swiper-slide\" role=\"group\" aria-roledescription=\"slide\"><div class=\"swiper-slide-bg\" role=\"img\" aria-label=\"Banni\u00e8re_FAQ\"><\/div><div class=\"swiper-slide-inner\" ><div class=\"swiper-slide-contents\"><\/div><\/div><\/div>\t\t\t\t<\/div>\n\t\t\t\t\t\t\t<\/div>\n\t\t\t\t<\/div>\n\t\t\t\t\t\t\t\t<\/div>\n\t\t\t\t<\/div>\n\t\t\t\t\t<\/div>\n\t\t<\/div>\n\t\t\t\t\t<\/div>\n\t\t<\/section>\n\t\t\t\t<section data-particle_enable=\"false\" data-particle-mobile-disabled=\"false\" class=\"elementor-section elementor-top-section elementor-element elementor-element-37de5934 elementor-section-boxed elementor-section-height-default elementor-section-height-default\" data-id=\"37de5934\" data-element_type=\"section\" data-e-type=\"section\">\n\t\t\t\t\t\t<div class=\"elementor-container elementor-column-gap-default\">\n\t\t\t\t\t<div class=\"elementor-column elementor-col-100 elementor-top-column elementor-element elementor-element-15eddd5\" data-id=\"15eddd5\" data-element_type=\"column\" data-e-type=\"column\">\n\t\t\t<div class=\"elementor-widget-wrap elementor-element-populated\">\n\t\t\t\t\t\t<div class=\"elementor-element elementor-element-32fde504 elementor-widget elementor-widget-text-editor\" data-id=\"32fde504\" data-element_type=\"widget\" data-e-type=\"widget\" data-widget_type=\"text-editor.default\">\n\t\t\t\t<div class=\"elementor-widget-container\">\n\t\t\t\t\t\t\t\t\t<p>Politique de confidentialit\u00e9<\/p>\n<p>Au mois de janvier 2023<\/p>\n<p><b>D\u00e9claration de confidentialit\u00e9 - Groupe Offenbach<\/b><\/p>\n<p>Merci de visiter notre boutique en ligne.<\/p>\n<p>La protection de votre vie priv\u00e9e est tr\u00e8s importante pour nous. Ron Offenbach B.V. est le contr\u00f4leur des donn\u00e9es. Vous pouvez nous contacter via privacy@offenbachgroup.com<\/p>\n<p>Vous trouverez ci-dessous des informations d\u00e9taill\u00e9es sur la mani\u00e8re dont nous traitons vos donn\u00e9es.<\/p><p><br><\/p>\n<p><span style=\"background-color: transparent; color: var( --e-global-color-primary ); font-family: var( --e-global-typography-primary-font-family ), Sans-serif; letter-spacing: var( --e-global-typography-primary-letter-spacing );\"><b>1. G\u00e9n\u00e9ralit\u00e9s<\/b><\/span><\/p>\n<p>Colori Kidz fait partie du groupe Offenbach. Le groupe Offenbach consid\u00e8re qu'un traitement soigneux des donn\u00e9es personnelles est d'une grande importance. C'est pourquoi nous traitons et s\u00e9curisons soigneusement les donn\u00e9es personnelles. Nous adh\u00e9rons aux exigences de la loi n\u00e9erlandaise sur la protection des donn\u00e9es personnelles (Wbp), ainsi qu'aux dispositions du r\u00e8glement g\u00e9n\u00e9ral sur la protection des donn\u00e9es (GDPR \/ AVG) d\u00e8s son entr\u00e9e en vigueur. Le groupe Offenbach est le responsable du traitement de vos donn\u00e9es personnelles. Nous n'avons pas de d\u00e9l\u00e9gu\u00e9 \u00e0 la protection des donn\u00e9es (DPO \/ FG), mais nous nous tenons \u00e0 votre disposition pour r\u00e9pondre \u00e0 vos questions. Pour ce faire, vous pouvez nous contacter via privacy@offenbachgroup.com.<\/p>\n<p>Dans cette d\u00e9claration de confidentialit\u00e9, nous expliquons quelles donn\u00e9es personnelles sont collect\u00e9es et utilis\u00e9es et dans quel but.<\/p><p><br><\/p>\n<p><span style=\"background-color: transparent; color: var( --e-global-color-primary ); font-family: var( --e-global-typography-primary-font-family ), Sans-serif; letter-spacing: var( --e-global-typography-primary-letter-spacing );\"><b>2. quelles donn\u00e9es personnelles sont collect\u00e9es et utilis\u00e9es<\/b><\/span><\/p>\n<p>Lorsque vous utilisez notre site web sans effectuer d'achat, vos donn\u00e9es personnelles ne vous sont pas demand\u00e9es. En cas d'achat de l'un de nos produits (via notre site web, par t\u00e9l\u00e9phone, par courrier \u00e9lectronique ou par d'autres canaux), certaines informations sont demand\u00e9es pour vous identifier en tant qu'acheteur. Nous le faisons sur la base de diverses informations, telles que le nom, l'adresse de livraison, le num\u00e9ro de t\u00e9l\u00e9phone et d'autres d\u00e9tails mentionn\u00e9s sur le formulaire d'achat. Le site web indique clairement quels champs sont facultatifs et\/ou obligatoires. Pour utiliser nos services, un enregistrement est n\u00e9cessaire pour lancer avec succ\u00e8s le processus de commande. Ces donn\u00e9es enregistr\u00e9es sont collect\u00e9es et stock\u00e9es dans notre syst\u00e8me. Notre objectif est de vous offrir une exp\u00e9rience d'achat rapide, efficace et agr\u00e9able gr\u00e2ce \u00e0 l'enregistrement. Cela nous permet \u00e9galement d'am\u00e9liorer notre service si n\u00e9cessaire. Il est important que vous sachiez que nous ne recueillons les informations n\u00e9cessaires que lorsque vous passez une commande. En outre, lorsque vous visitez notre site web, d'autres donn\u00e9es sont \u00e9galement automatiquement disponibles, telles que votre adresse IP, des informations sur le site internet \u00e0 partir duquel vous avez ouvert notre site web ou sur le navigateur internet que vous utilisez (informations techniques). Notre site web et\/ou service n'a pas l'intention de collecter des donn\u00e9es sur les visiteurs du site web \u00e2g\u00e9s de moins de 16 ans. Sauf s'ils ont l'autorisation de leurs parents ou tuteurs. Toutefois, nous ne pouvons pas v\u00e9rifier si un visiteur a plus de 16 ans. Nous encourageons les parents \u00e0 s'impliquer dans les activit\u00e9s en ligne de leurs enfants, afin d'\u00e9viter que des donn\u00e9es sur les enfants soient collect\u00e9es sans le consentement des parents. Si vous \u00eates convaincu que nous avons recueilli des informations personnelles sur un mineur sans cette autorisation, veuillez nous contacter via privacy@offenbachgroup.com, puis nous supprimerons ces informations.<\/p><p><br><\/p>\n<p><span style=\"background-color: transparent; color: var( --e-global-color-primary ); font-family: var( --e-global-typography-primary-font-family ), Sans-serif; letter-spacing: var( --e-global-typography-primary-letter-spacing );\"><b>3. utilisation des donn\u00e9es personnelles<\/b><\/span><\/p>\n<p>Nous traitons vos donn\u00e9es personnelles aux fins suivantes :<\/p>\n<p>Pour traiter votre commande et votre paiement<\/p>\n<p>Pour envoyer notre bulletin d'information et\/ou notre brochure publicitaire<\/p>\n<p>Pour vous appeler ou vous envoyer un courrier \u00e9lectronique si cela s'av\u00e8re n\u00e9cessaire pour la mise en \u0153uvre de nos services<\/p>\n<p>Pour vous donner la possibilit\u00e9 de cr\u00e9er un compte<\/p>\n<p>Pour vous fournir des biens et des services - Nous analysons votre comportement sur le site web afin de l'am\u00e9liorer et d'adapter la gamme de produits et de services \u00e0 vos pr\u00e9f\u00e9rences.<\/p>\n<p>Nous traitons \u00e9galement des donn\u00e9es \u00e0 caract\u00e8re personnel si nous sommes l\u00e9galement oblig\u00e9s de le faire, comme les informations dont nous avons besoin pour notre d\u00e9claration d'imp\u00f4ts. Nous ne prenons pas de d\u00e9cisions fond\u00e9es sur un traitement automatis\u00e9 pour des questions qui peuvent avoir des cons\u00e9quences (importantes) pour les personnes.<\/p><p><br><\/p>\n<p><span style=\"background-color: transparent; color: var( --e-global-color-primary ); font-family: var( --e-global-typography-primary-font-family ), Sans-serif; letter-spacing: var( --e-global-typography-primary-letter-spacing );\"><b>4. marketing par courrier \u00e9lectronique<\/b><\/span><\/p>\n<p>Publicit\u00e9 par courrier \u00e9lectronique si vous vous inscrivez \u00e0 la lettre d'information.<\/p>\n<p>Si vous vous abonnez \u00e0 notre lettre d'information, nous vous enverrons r\u00e9guli\u00e8rement notre lettre d'information par courrier \u00e9lectronique sur la base de votre consentement conform\u00e9ment \u00e0 l'art. 6 (1) 1 lit. a) GDPR, en utilisant les donn\u00e9es requises ou divulgu\u00e9es par vous s\u00e9par\u00e9ment \u00e0 cette fin.<\/p>\n<p>Vous pouvez vous d\u00e9sabonner du service de bulletin d'information \u00e0 tout moment. Pour ce faire, vous pouvez soit envoyer un message \u00e0 l'option de contact indiqu\u00e9e ci-dessous, soit utiliser le lien de d\u00e9sinscription figurant dans le bulletin d'information. Lors de la d\u00e9sinscription, nous supprimerons votre adresse \u00e9lectronique, \u00e0 moins que vous n'ayez express\u00e9ment consenti \u00e0 l'utilisation ult\u00e9rieure de vos donn\u00e9es ou que nous nous r\u00e9servions le droit d'utiliser vos donn\u00e9es personnelles dans le cadre et de la mani\u00e8re autoris\u00e9s par la loi, ce dont nous vous informons dans le pr\u00e9sent avis.<\/p><p><br><\/p>\n<p><span style=\"background-color: transparent; color: var( --e-global-color-primary ); font-family: var( --e-global-typography-primary-font-family ), Sans-serif; letter-spacing: var( --e-global-typography-primary-letter-spacing );\"><b>5. p\u00e9riode de stockage<\/b><\/span><\/p>\n<p>Nous ne conservons pas vos donn\u00e9es personnelles plus longtemps que n\u00e9cessaire et pas plus longtemps que les p\u00e9riodes de conservation l\u00e9gales.<\/p><p><br><\/p>\n<p><span style=\"background-color: transparent; color: var( --e-global-color-primary ); font-family: var( --e-global-typography-primary-font-family ), Sans-serif; letter-spacing: var( --e-global-typography-primary-letter-spacing );\"><b>6. Quels sont vos droits ?<\/b><\/span><\/p>\n<p>En vertu de la l\u00e9gislation europ\u00e9enne sur la protection de la vie priv\u00e9e, vous disposez de diff\u00e9rents droits que vous pouvez exercer en ce qui concerne vos donn\u00e9es. Cette section d\u00e9crit vos droits. Si vous souhaitez exercer un ou plusieurs droits, veuillez nous contacter. Vous pouvez le faire en nous envoyant un e-mail (privacy@offenbachgroup.com). Afin de traiter votre demande, nous avons besoin d'au moins les informations suivantes de votre part :<\/p>\n<p>Votre nom complet ;<\/p>\n<p>Votre adresse ;<\/p>\n<p>Une copie d'une pi\u00e8ce d'identit\u00e9 valide<\/p>\n<p>Pour \u00e9viter toute utilisation abusive de votre copie, nous vous recommandons toujours de faire ce qui suit : apposer sur votre copie une marque indiquant l'usage, le destinataire et la date \u00e0 laquelle vous l'avez fournie. Par exemple : \"Groupe Offenbach, demande d'acc\u00e8s \"Groupe Offenbach, demande d'acc\u00e8s1octobre2022\". Rendez \u00e9galement illisible votre num\u00e9ro de service citoyen.<\/p>\n<p>Nous pouvons vous demander des informations suppl\u00e9mentaires pour traiter votre demande.<\/p><p><br><\/p>\n<p><b>Droit d'acc\u00e8s et d'inspection<\/b><\/p>\n<p>Vous avez le droit d'acc\u00e9der gratuitement et \u00e0 tout moment \u00e0 vos donn\u00e9es personnelles. Vous pouvez introduire une demande de consultation par courrier \u00e9lectronique.<\/p><p><br><\/p>\n<p><b>Droit d'am\u00e9lioration, de suppression et de limitation<\/b><\/p>\n<p>Vous avez toujours le droit de nous demander de corriger, de compl\u00e9ter ou d'effacer vos donn\u00e9es personnelles. Les donn\u00e9es que nous devons conserver en vertu d'obligations l\u00e9gales, statutaires ou contractuelles de conservation ne seront pas supprim\u00e9es, mais seront bloqu\u00e9es \u00e0 toutes les autres fins. Vous pouvez \u00e9galement demander \u00e0 limiter le traitement de vos donn\u00e9es personnelles. Vous pouvez soumettre une demande d'am\u00e9lioration, de modification et de limitation par courrier \u00e9lectronique. Nous vous demandons d'indiquer dans votre courriel quelles donn\u00e9es doivent \u00eatre corrig\u00e9es. Si vous avez des objections s\u00e9rieuses au traitement de vos donn\u00e9es, nous attendons de vous que vous indiquiez dans votre courrier \u00e9lectronique quelles sont vos objections.<\/p><p><br><\/p>\n<p><b>Droit au transfert de donn\u00e9es <\/b><\/p>\n<p>Vous pouvez demander une copie de vos donn\u00e9es personnelles en notre possession. La copie ne concerne que les donn\u00e9es que nous avons trait\u00e9es avec votre autorisation ou pour l'ex\u00e9cution de notre (nos) contrat(s). Nous vous fournirons la copie dans un format de fichier standard.<\/p>\n<p><strong>Droit au retrait du consentement <\/strong><\/p>\n<p>Dans la mesure o\u00f9 le traitement est bas\u00e9 sur votre consentement pr\u00e9alable, vous avez le droit de retirer cette autorisation. Vous pouvez le faire en nous envoyant un e-mail.<\/p><p><br><\/p>\n<p><b>Plaintes<\/b><\/p>\n<p>Si vous n'\u00eates pas satisfait de la mani\u00e8re dont nous garantissons votre vie priv\u00e9e, vous pouvez nous contacter par e-mail. Vous pouvez \u00e9galement contacter le superviseur national, l'Autorit\u00e9 n\u00e9erlandaise de protection des donn\u00e9es.<\/p><p><br><\/p>\n<p><span style=\"background-color: transparent; color: var( --e-global-color-primary ); font-family: var( --e-global-typography-primary-font-family ), Sans-serif; letter-spacing: var( --e-global-typography-primary-letter-spacing );\"><b>7. transmission de donn\u00e9es \u00e0 des tiers<\/b><\/span><\/p>\n<p>Certaines donn\u00e9es \u00e0 caract\u00e8re personnel que nous traitons peuvent \u00eatre transmises \u00e0 des tiers dans le cadre de nos obligations l\u00e9gales. Certains tiers traitent des donn\u00e9es \u00e0 caract\u00e8re personnel pour le compte de notre organisation afin d'ex\u00e9cuter une t\u00e2che sp\u00e9cifique. Nous concluons avec toutes ces organisations, qui agissent en tant que sous-traitants, des accords de traitement et mettons tout en \u0153uvre pour garantir que nous s\u00e9curisons suffisamment vos donn\u00e9es \u00e0 caract\u00e8re personnel. Les informations que nous recueillons peuvent \u00e9galement \u00eatre partag\u00e9es avec nos partenaires \u00e0 des fins d'analyse. Aucune information personnelle n'est transmise, \u00e9chang\u00e9e ou publi\u00e9e en dehors de notre organisation et de nos partenaires de confiance. Vos donn\u00e9es personnelles ne seront ni vendues, ni lou\u00e9es, ni distribu\u00e9es, ni mises \u00e0 la disposition de tiers \u00e0 des fins commerciales, sauf dans les cas d\u00e9crits ci-dessus ou avec votre consentement pr\u00e9alable. Dans de rares cas, nous pouvons \u00eatre amen\u00e9s \u00e0 fournir vos donn\u00e9es personnelles en vertu d'une d\u00e9cision de justice.<\/p><p><br><\/p>\n<p><span style=\"background-color: transparent; color: var( --e-global-color-primary ); font-family: var( --e-global-typography-primary-font-family ), Sans-serif; letter-spacing: var( --e-global-typography-primary-letter-spacing );\"><b>8.Cookies<\/b><\/span><\/p>\n<p>Les cookies sont de petits fichiers texte qui sont stock\u00e9s sur votre disque dur lors de la visite d'un site web. Nous utilisons des cookies \u00e0 des fins syst\u00e9miques, statistiques et publicitaires. Certains cookies sont essentiels au bon fonctionnement du site web. Les cookies suivent vos activit\u00e9s sur un site web et facilitent votre exp\u00e9rience d'achat, par exemple en reconnaissant votre \u00e9quipement et en m\u00e9morisant vos pr\u00e9f\u00e9rences et vos param\u00e8tres. Les cookies sont \u00e9galement utilis\u00e9s pour collecter des donn\u00e9es, telles que la dur\u00e9e de la session, le nombre de pages visit\u00e9es, les transactions cl\u00f4tur\u00e9es ou les donn\u00e9es d\u00e9mographiques. Ces informations sont utilis\u00e9es \u00e0 des fins d'analyse et nous permettent de vous offrir la meilleure exp\u00e9rience d'achat possible. Nos cookies ne collectent pas d'informations susceptibles d'\u00eatre utilis\u00e9es pour suivre ou identifier des personnes.<\/p><p><br><\/p>\n<p><span style=\"background-color: transparent; color: var( --e-global-color-primary ); font-family: var( --e-global-typography-primary-font-family ), Sans-serif; letter-spacing: var( --e-global-typography-primary-letter-spacing );\"><b>9.S\u00e9curit\u00e9<\/b><\/span><\/p>\n<p>La s\u00e9curit\u00e9 des donn\u00e9es personnelles est notre priorit\u00e9 absolue. C'est pourquoi vos donn\u00e9es stock\u00e9es chez nous sont prot\u00e9g\u00e9es par des mesures techniques et organisationnelles afin d'emp\u00eacher efficacement leur perte ou leur utilisation abusive par des tiers. En particulier, nos employ\u00e9s qui traitent ces donn\u00e9es personnelles sont tenus de les garder confidentielles. La transmission des donn\u00e9es personnelles n\u00e9cessitant une protection particuli\u00e8re est crypt\u00e9e. Vous pouvez le constater, par exemple, par le cadenas que le navigateur affiche lors d'une connexion SSL. Les mesures de s\u00e9curit\u00e9 techniques destin\u00e9es \u00e0 prot\u00e9ger vos donn\u00e9es (telles que les analyses de virus, les pare-feu, le cryptage, etc.) sont r\u00e9guli\u00e8rement contr\u00f4l\u00e9es et, si n\u00e9cessaire, adapt\u00e9es \u00e0 l'\u00e9tat actuel de la technique. Ces principes s'appliquent \u00e9galement aux entreprises qui traitent et utilisent les donn\u00e9es selon nos instructions. Si vous avez l'impression que vos donn\u00e9es ne sont pas s\u00e9curis\u00e9es ou qu'il existe des indices d'abus, veuillez nous contacter \u00e0 l'adresse privacy@offenbachgroup.com.<\/p><p><br><\/p>\n<p><span style=\"background-color: transparent; color: var( --e-global-color-primary ); font-family: var( --e-global-typography-primary-font-family ), Sans-serif; letter-spacing: var( --e-global-typography-primary-letter-spacing );\"><b>10.Avertissement<\/b><\/span><\/p>\n<p>Le droit n\u00e9erlandais s'applique \u00e0 tous les accords et relations juridiques entre nous et la personne concern\u00e9e. La pr\u00e9sente d\u00e9claration peut \u00eatre modifi\u00e9e de temps \u00e0 autre, par exemple en raison de la modification de notre site web ou de la l\u00e9gislation. Nous pouvons modifier le contenu de cette d\u00e9claration \u00e0 tout moment et sans pr\u00e9avis.<\/p>\t\t\t\t\t\t\t\t<\/div>\n\t\t\t\t<\/div>\n\t\t\t\t\t<\/div>\n\t\t<\/div>\n\t\t\t\t\t<\/div>\n\t\t<\/section>\n\t\t\t\t<\/div>","protected":false},"excerpt":{"rendered":"<p>Privacy policy Per Januari 2023 Privacy Statement&nbsp; \u2013&nbsp; Offenbach Group Thank you for visiting our online shop. Protection of your privacy is very important to us. Ron Offenbach B.V. is data controller. You can contact us via privacy@offenbachgroup.com Below you will find extensive information about how we handle your data. 1.General Colori Kidz is part [&hellip;]<\/p>\n","protected":false},"author":1,"featured_media":0,"parent":0,"menu_order":0,"comment_status":"closed","ping_status":"closed","template":"","meta":{"footnotes":""},"class_list":["post-3","page","type-page","status-publish","hentry"],"_links":{"self":[{"href":"https:\/\/www.coloriwatches.com\/fr\/wp-json\/wp\/v2\/pages\/3","targetHints":{"allow":["GET"]}}],"collection":[{"href":"https:\/\/www.coloriwatches.com\/fr\/wp-json\/wp\/v2\/pages"}],"about":[{"href":"https:\/\/www.coloriwatches.com\/fr\/wp-json\/wp\/v2\/types\/page"}],"author":[{"embeddable":true,"href":"https:\/\/www.coloriwatches.com\/fr\/wp-json\/wp\/v2\/users\/1"}],"replies":[{"embeddable":true,"href":"https:\/\/www.coloriwatches.com\/fr\/wp-json\/wp\/v2\/comments?post=3"}],"version-history":[{"count":36,"href":"https:\/\/www.coloriwatches.com\/fr\/wp-json\/wp\/v2\/pages\/3\/revisions"}],"predecessor-version":[{"id":1895,"href":"https:\/\/www.coloriwatches.com\/fr\/wp-json\/wp\/v2\/pages\/3\/revisions\/1895"}],"wp:attachment":[{"href":"https:\/\/www.coloriwatches.com\/fr\/wp-json\/wp\/v2\/media?parent=3"}],"curies":[{"name":"wp","href":"https:\/\/api.w.org\/{rel}","templated":true}]}}