{"id":10,"date":"2022-12-12T12:59:44","date_gmt":"2022-12-12T12:59:44","guid":{"rendered":"https:\/\/coloriwatches.com\/dev_epic_staging\/?page_id=10"},"modified":"2026-03-18T09:22:33","modified_gmt":"2026-03-18T09:22:33","slug":"terms-conditions","status":"publish","type":"page","link":"https:\/\/www.coloriwatches.com\/fr\/terms-conditions\/","title":{"rendered":"Conditions g\u00e9n\u00e9rales d'utilisation"},"content":{"rendered":"<div data-elementor-type=\"wp-page\" data-elementor-id=\"10\" class=\"elementor elementor-10\" data-elementor-post-type=\"page\">\n\t\t\t\t\t\t<section data-particle_enable=\"false\" data-particle-mobile-disabled=\"false\" class=\"elementor-section elementor-top-section elementor-element elementor-element-492fe8d4 elementor-section-full_width elementor-section-height-default elementor-section-height-default\" data-id=\"492fe8d4\" data-element_type=\"section\" data-e-type=\"section\">\n\t\t\t\t\t\t<div class=\"elementor-container elementor-column-gap-default\">\n\t\t\t\t\t<div class=\"elementor-column elementor-col-100 elementor-top-column elementor-element elementor-element-4c77f014\" data-id=\"4c77f014\" data-element_type=\"column\" data-e-type=\"column\">\n\t\t\t<div class=\"elementor-widget-wrap elementor-element-populated\">\n\t\t\t\t\t\t<div class=\"elementor-element elementor-element-4f06aa24 elementor--h-position-right elementor--v-position-bottom elementor-arrows-position-inside elementor-pagination-position-inside elementor-widget elementor-widget-slides\" data-id=\"4f06aa24\" data-element_type=\"widget\" data-e-type=\"widget\" data-settings=\"{&quot;navigation&quot;:&quot;both&quot;,&quot;autoplay&quot;:&quot;yes&quot;,&quot;pause_on_hover&quot;:&quot;yes&quot;,&quot;pause_on_interaction&quot;:&quot;yes&quot;,&quot;autoplay_speed&quot;:5000,&quot;infinite&quot;:&quot;yes&quot;,&quot;transition&quot;:&quot;slide&quot;,&quot;transition_speed&quot;:500}\" data-widget_type=\"slides.default\">\n\t\t\t\t<div class=\"elementor-widget-container\">\n\t\t\t\t\t\t\t\t\t<div class=\"elementor-swiper\">\n\t\t\t\t\t<div class=\"elementor-slides-wrapper elementor-main-swiper swiper\" role=\"region\" aria-roledescription=\"carousel\" aria-label=\"Diapositives\" dir=\"ltr\" data-animation=\"fadeInUp\">\n\t\t\t\t<div class=\"swiper-wrapper elementor-slides\">\n\t\t\t\t\t\t\t\t\t\t<div class=\"elementor-repeater-item-abcb381 swiper-slide\" role=\"group\" aria-roledescription=\"slide\"><div class=\"swiper-slide-bg\" role=\"img\" aria-label=\"Banni\u00e8re_FAQ\"><\/div><div class=\"swiper-slide-inner\" ><div class=\"swiper-slide-contents\"><\/div><\/div><\/div>\t\t\t\t<\/div>\n\t\t\t\t\t\t\t<\/div>\n\t\t\t\t<\/div>\n\t\t\t\t\t\t\t\t<\/div>\n\t\t\t\t<\/div>\n\t\t\t\t\t<\/div>\n\t\t<\/div>\n\t\t\t\t\t<\/div>\n\t\t<\/section>\n\t\t\t\t<section data-particle_enable=\"false\" data-particle-mobile-disabled=\"false\" class=\"elementor-section elementor-top-section elementor-element elementor-element-13b64088 elementor-section-boxed elementor-section-height-default elementor-section-height-default\" data-id=\"13b64088\" data-element_type=\"section\" data-e-type=\"section\">\n\t\t\t\t\t\t<div class=\"elementor-container elementor-column-gap-default\">\n\t\t\t\t\t<div class=\"elementor-column elementor-col-100 elementor-top-column elementor-element elementor-element-67181eec\" data-id=\"67181eec\" data-element_type=\"column\" data-e-type=\"column\">\n\t\t\t<div class=\"elementor-widget-wrap elementor-element-populated\">\n\t\t\t\t\t\t<div class=\"elementor-element elementor-element-7de8c863 elementor-widget elementor-widget-text-editor\" data-id=\"7de8c863\" data-element_type=\"widget\" data-e-type=\"widget\" data-widget_type=\"text-editor.default\">\n\t\t\t\t<div class=\"elementor-widget-container\">\n\t\t\t\t\t\t\t\t\t<p><\/p>\n<p><span lang=\"EN-US\">- Derni\u00e8re mise \u00e0 jour le 1er janvier 2023 -<\/span><\/p>\n<p>&nbsp;<\/p>\n<p><b>Colori Kidz<\/b><\/p>\n<p><span lang=\"EN-US\">Les pr\u00e9sentes conditions g\u00e9n\u00e9rales s'appliquent \u00e0 toutes les offres de Colori Kidz et \u00e0 tous les accords conclus avec notre entreprise. Colori Kidz op\u00e8re sous le nom commercial de Ron Offenbach B.V., qui est reconnu par la loi n\u00e9erlandaise. Son si\u00e8ge social est situ\u00e9 aux Pays-Bas, \u00e0 De Wetering 101, 4906 CT \u00e0 Oosterhout. La soci\u00e9t\u00e9 est enregistr\u00e9e aupr\u00e8s de la Chambre de commerce n\u00e9erlandaise, chapitre Oosterhout, sous le num\u00e9ro DCC 20092690.<\/span><\/p>\n<p><span lang=\"EN-US\">\u00a0<\/span><\/p>\n<p><b>G\u00e9n\u00e9ral<\/b><\/p>\n<p><span lang=\"EN-US\">Les conditions de livraison et de paiement s'appliquent \u00e0 tous les produits Colori Kidz. Elles sont accessibles \u00e0 tous sur la page d'accueil de Colori Kidz www.coloriwatches.com.<\/span><\/p>\n<p><span lang=\"EN-US\">En approuvant ces conditions g\u00e9n\u00e9rales apr\u00e8s avoir confirm\u00e9 votre commande, vous concluez un accord contraignant. De m\u00eame, lorsque votre commande est re\u00e7ue, vous recevrez un courrier \u00e9lectronique automatique confirmant votre commande.<\/span><\/p>\n<p><span lang=\"EN-US\">En cas de retour, veuillez informer l'\u00e9quipe du service client\u00e8le de Colori Kidz dans les 14 jours et attendre les instructions avant d'agir. Une fois l'article retourn\u00e9, il faut compter jusqu'\u00e0 14 jours \u00e0 partir de la date de r\u00e9ception pour que le remboursement soit effectu\u00e9 et cr\u00e9dit\u00e9 sur le mode de paiement utilis\u00e9.<\/span><\/p>\n<p><span lang=\"EN-US\">\u00a0<\/span><\/p>\n<p><b>Prix garanti<\/b><\/p>\n<p><span lang=\"EN-US\">Cette page web peut contenir des erreurs typographiques et les couleurs des produits repr\u00e9sent\u00e9s peuvent s'\u00e9carter l\u00e9g\u00e8rement de la r\u00e9alit\u00e9. Par cons\u00e9quent, Colori Kidz n'est pas responsable de toute inexactitude d\u00e9coulant d'erreurs dans les produits pr\u00e9sent\u00e9s, \u00e0 moins qu'elles ne soient mentionn\u00e9es \u00e0 l'avance.<\/span><\/p>\n<p><span lang=\"EN-US\">Tous les prix propos\u00e9s sur notre site Internet sont indiqu\u00e9s en euros et incluent la TVA 21%, qui est conforme aux exigences sp\u00e9cifiques de la loi n\u00e9erlandaise. En cas de commande pass\u00e9e en dehors de l'UE, veuillez noter que des droits locaux peuvent \u00eatre appliqu\u00e9s, en fonction de votre r\u00e9gion, des douanes locales et des taxes. Ces frais sont \u00e0 votre charge. Notez \u00e9galement que Colori Kidz n'a aucun contr\u00f4le d\u00e9cisif sur ces frais. Nous vous conseillons donc de contacter votre bureau de douane local pour plus d'informations.<\/span><\/p>\n<p><span lang=\"EN-US\">Colori Kidz se r\u00e9serve le droit de modifier ses prix \u00e0 tout moment. Toutefois, les produits seront factur\u00e9s sur la base du tarif en vigueur au moment de l'enregistrement de la commande.<\/span><\/p>\n<p><b>\u00a0<\/b><\/p>\n<p><b>Frais de transport<\/b><\/p>\n<table style=\"border-collapse: collapse;\" width=\"443\">\n<tbody>\n<tr>\n<td style=\"border: none;\" width=\"152\"><b>En dehors de l'UE<\/b><\/td>\n<td style=\"border: none;\" width=\"168\">Pas de livraison gratuite<\/td>\n<td style=\"border: none;\" width=\"123\">\u00a0<\/td>\n<\/tr>\n<tr>\n<td style=\"border: none;\"><b>Au sein de l'UE<\/b><\/td>\n<td style=\"border: none;\">Livraison gratuite \u00e0 partir de 75 euros<\/td>\n<td style=\"border: none;\">\u00a0<\/td>\n<\/tr>\n<tr>\n<td style=\"border: none;\">\u00a0<\/td>\n<td style=\"border: none;\">\u00a0<\/td>\n<td style=\"border: none;\">\u00a0<\/td>\n<\/tr>\n<tr>\n<td style=\"border: none;\"><b>Pays<\/b><\/td>\n<td style=\"border: none;\"><b>Frais d'exp\u00e9dition<\/b><\/td>\n<td style=\"border: none;\"><b>D\u00e9lai de livraison<\/b><\/td>\n<\/tr>\n<tr>\n<td style=\"border: none;\">Les Pays-Bas<\/td>\n<td style=\"border: none;\">En dessous de 75 euros = 5,95 euros<\/td>\n<td style=\"border: none;\">1-2 jours ouvrables<\/td>\n<\/tr>\n<tr>\n<td style=\"border: none;\">Allemagne<\/td>\n<td style=\"border: none;\">En dessous de 75 euros = 5,95 euros<\/td>\n<td style=\"border: none;\">2-3 jours ouvrables<\/td>\n<\/tr>\n<tr>\n<td style=\"border: none;\">Belgique<\/td>\n<td style=\"border: none;\">En dessous de 75 euros = 5,95 euros<\/td>\n<td style=\"border: none;\">1-2 jours ouvrables<\/td>\n<\/tr>\n<tr>\n<td style=\"border: none;\">France<\/td>\n<td style=\"border: none;\">En dessous de 75 euros = 5,95 euros<\/td>\n<td style=\"border: none;\">2-4 jours ouvrables<\/td>\n<\/tr>\n<tr>\n<td style=\"border: none;\">Luxembourg<\/td>\n<td style=\"border: none;\">En dessous de 75 euros = 5,95 euros<\/td>\n<td style=\"border: none;\">1-2 jours ouvrables<\/td>\n<\/tr>\n<tr>\n<td style=\"border: none;\">Autriche<\/td>\n<td style=\"border: none;\">En dessous de 75 euros = 5,95 euros<\/td>\n<td style=\"border: none;\">2-3 jours ouvrables<\/td>\n<\/tr>\n<tr>\n<td style=\"border: none;\">Bulgarie<\/td>\n<td style=\"border: none;\">En dessous de 75 euros = 14,95 euros<\/td>\n<td style=\"border: none;\">4-6 jours ouvrables<\/td>\n<\/tr>\n<tr>\n<td style=\"border: none;\">Chypre<\/td>\n<td style=\"border: none;\">En dessous de 75 euros = 14,95 euros<\/td>\n<td style=\"border: none;\">4-6 jours ouvrables<\/td>\n<\/tr>\n<tr>\n<td style=\"border: none;\">Danemark<\/td>\n<td style=\"border: none;\">En dessous de 75 euros = 14,95 euros<\/td>\n<td style=\"border: none;\">2-3 jours ouvrables<\/td>\n<\/tr>\n<tr>\n<td style=\"border: none;\">Estonie<\/td>\n<td style=\"border: none;\">En dessous de 75 euros = 14,95 euros<\/td>\n<td style=\"border: none;\">4-6 jours ouvrables<\/td>\n<\/tr>\n<tr>\n<td style=\"border: none;\">Gr\u00e8ce<\/td>\n<td style=\"border: none;\">En dessous de 75 euros = 14,95 euros<\/td>\n<td style=\"border: none;\">3-6 jours ouvrables<\/td>\n<\/tr>\n<tr>\n<td style=\"border: none;\">Hongrie<\/td>\n<td style=\"border: none;\">En dessous de 75 euros = 5,95 euros<\/td>\n<td style=\"border: none;\">2-3 jours ouvrables<\/td>\n<\/tr>\n<tr>\n<td style=\"border: none;\">Irlande<\/td>\n<td style=\"border: none;\">En dessous de 75 euros = 14,95 euros<\/td>\n<td style=\"border: none;\">2-6 jours ouvrables<\/td>\n<\/tr>\n<tr>\n<td style=\"border: none;\">Italie<\/td>\n<td style=\"border: none;\">En dessous de 75 euros = 14,95 euros<\/td>\n<td style=\"border: none;\">2-3 jours ouvrables<\/td>\n<\/tr>\n<tr>\n<td style=\"border: none;\">Croatie<\/td>\n<td style=\"border: none;\">En dessous de 75 euros = 14,95 euros<\/td>\n<td style=\"border: none;\">5-8 jours ouvrables<\/td>\n<\/tr>\n<tr>\n<td style=\"border: none;\">Lettonie<\/td>\n<td style=\"border: none;\">En dessous de 75 euros = 14,95 euros<\/td>\n<td style=\"border: none;\">3-6 jours ouvrables<\/td>\n<\/tr>\n<tr>\n<td style=\"border: none;\">Lituanie<\/td>\n<td style=\"border: none;\">En dessous de 75 euros = 14,95 euros<\/td>\n<td style=\"border: none;\">4-6 jours ouvrables<\/td>\n<\/tr>\n<tr>\n<td style=\"border: none;\">Malte<\/td>\n<td style=\"border: none;\">En dessous de 75 euros = 14,95 euros<\/td>\n<td style=\"border: none;\">3-6 jours ouvrables<\/td>\n<\/tr>\n<tr>\n<td style=\"border: none;\">Pologne<\/td>\n<td style=\"border: none;\">En dessous de 75 euros = 5,95 euros<\/td>\n<td style=\"border: none;\">2-4 jours ouvrables<\/td>\n<\/tr>\n<tr>\n<td style=\"border: none;\">Portugal<\/td>\n<td style=\"border: none;\">En dessous de 75 euros = 14,95 euros<\/td>\n<td style=\"border: none;\">3-5 jours ouvrables<\/td>\n<\/tr>\n<tr>\n<td style=\"border: none;\">Roumanie<\/td>\n<td style=\"border: none;\">En dessous de 75 euros = 14,95 euros<\/td>\n<td style=\"border: none;\">3-6 jours ouvrables<\/td>\n<\/tr>\n<tr>\n<td style=\"border: none;\">Slov\u00e9nie<\/td>\n<td style=\"border: none;\">En dessous de 75 euros = 14,95 euros<\/td>\n<td style=\"border: none;\">2-4 jours ouvrables<\/td>\n<\/tr>\n<tr>\n<td style=\"border: none;\">Slovaquie<\/td>\n<td style=\"border: none;\">En dessous de 75 euros = 5,95 euros<\/td>\n<td style=\"border: none;\">3-6 jours ouvrables<\/td>\n<\/tr>\n<tr>\n<td style=\"border: none;\">Espagne<\/td>\n<td style=\"border: none;\">En dessous de 75 euros = 14,95 euros<\/td>\n<td style=\"border: none;\">3-5 jours ouvrables<\/td>\n<\/tr>\n<tr>\n<td style=\"border: none;\">Su\u00e8de<\/td>\n<td style=\"border: none;\">En dessous de 75 euros = 14,95 euros<\/td>\n<td style=\"border: none;\">2-5 jours ouvrables<\/td>\n<\/tr>\n<tr>\n<td style=\"border: none;\">Finlande<\/td>\n<td style=\"border: none;\">En dessous de 75 euros = 14,95 euros<\/td>\n<td style=\"border: none;\">3-6 jours ouvrables<\/td>\n<\/tr>\n<tr>\n<td style=\"border: none;\">Tous les autres pays<\/td>\n<td style=\"border: none;\">\u20ac29,95<\/td>\n<td style=\"border: none;\">\u00a0<\/td>\n<\/tr>\n<\/tbody>\n<\/table>\n<p><span lang=\"EN-US\">PAIEMENT S\u00c9CURIS\u00c9<\/span><\/p>\n<p><span lang=\"EN-US\">M\u00e9thodes de paiement disponibles pour l'Union europ\u00e9enne : IDEAL, PayPal, Visa et Mastercard<\/span><\/p>\n<p><span lang=\"EN-US\">\u00a0<\/span><\/p>\t\t\t\t\t\t\t\t<\/div>\n\t\t\t\t<\/div>\n\t\t\t\t<div class=\"elementor-element elementor-element-ae2123e elementor-widget elementor-widget-menu-anchor\" data-id=\"ae2123e\" data-element_type=\"widget\" data-e-type=\"widget\" data-widget_type=\"menu-anchor.default\">\n\t\t\t\t<div class=\"elementor-widget-container\">\n\t\t\t\t\t\t\t<div class=\"elementor-menu-anchor\" id=\"section_target\"><\/div>\n\t\t\t\t\t\t<\/div>\n\t\t\t\t<\/div>\n\t\t\t\t<div class=\"elementor-element elementor-element-092f96d elementor-widget elementor-widget-text-editor\" data-id=\"092f96d\" data-element_type=\"widget\" data-e-type=\"widget\" data-widget_type=\"text-editor.default\">\n\t\t\t\t<div class=\"elementor-widget-container\">\n\t\t\t\t\t\t\t\t\t<p><span style=\"color: var( --e-global-color-primary ); font-family: var( --e-global-typography-primary-font-family ), Sans-serif; font-size: var( --e-global-typography-primary-font-size ); font-weight: var( --e-global-typography-primary-font-weight ); letter-spacing: var( --e-global-typography-primary-letter-spacing );\">\u00a0<\/span><b style=\"color: var( --e-global-color-primary ); font-family: var( --e-global-typography-primary-font-family ), Sans-serif; font-size: var( --e-global-typography-primary-font-size ); letter-spacing: var( --e-global-typography-primary-letter-spacing );\">Livraison<\/b><\/p>\n<p><span lang=\"EN-US\">Colori Kidz ne peut \u00eatre tenu responsable de la perte de l'envoi caus\u00e9e par l'inscription incorrecte de l'adresse de livraison par l'acheteur. En cas de besoin d'informations, Colori Kidz peut vous contacter pour vous demander plus d'informations. Il faut donc tenir compte du fait qu'un retard de livraison peut se produire.<\/span><\/p>\n<p><span lang=\"EN-US\">En cas de dommage ou de livraison incompl\u00e8te, il convient d'en informer l'\u00e9quipe du service client\u00e8le de Colori Kidz dans les 24 heures suivant la r\u00e9ception des produits. Veuillez attendre les instructions par e-mail concernant l'exp\u00e9dition de retour.<\/span><\/p>\n<p><span lang=\"EN-US\">\u00a0<\/span><\/p>\n<p><b>Cadeau gratuit*<\/b><\/p>\n<p><span lang=\"EN-US\">Vous recevrez un cadeau gratuit avec votre commande jusqu'\u00e0 \u00e9puisement du stock. <\/span><\/p>\n<p><span lang=\"EN-US\">\u00a0<\/span><\/p>\n<p><b>Responsabilit\u00e9<\/b><\/p>\n<p><span lang=\"EN-US\">Colori Kidz s'efforce de respecter les d\u00e9lais de livraison estim\u00e9s et ne peut \u00eatre tenu responsable de tout retard dans la livraison d'une commande.<\/span><\/p>\n<p><span lang=\"EN-US\">\u00a0<\/span><\/p>\n<p><b>Garantie et r\u00e9paration<\/b><\/p>\n<p><span lang=\"EN-US\">Votre achat chez Colori Kidz est garanti pour une p\u00e9riode de 6 mois \u00e0 partir de la date d'achat selon les termes et conditions de cette garantie. Elle couvre les d\u00e9fauts de mat\u00e9riel et de fabrication existant au moment de l'achat et n'entre en vigueur que si le certificat de garantie est correct et complet.<\/span><\/p>\n<p><span lang=\"EN-US\">\u00a0<\/span><\/p>\n<p><span lang=\"EN-US\">La garantie du fabricant ne s'applique pas en cas de :<\/span><\/p>\n<p><span lang=\"EN-US\">Les dommages r\u00e9sultant d'une mauvaise utilisation, d'un manque de soin, d'une n\u00e9gligence et d'accidents tels que les rayures, les rebonds ou les chutes des produits Colori Kidz.<\/span><\/p>\n<p><span lang=\"EN-US\">Les produits manipul\u00e9s par des personnes non autoris\u00e9es, sans l'accord \u00e9crit de Colori Kidz.<\/span><\/p>\n<p><span lang=\"EN-US\">En cas de questions concernant les retours et la garantie, l'acheteur peut toujours contacter Colori Kidz par e-mail : info@coloriwatches.com<\/span><\/p>\n<p><span lang=\"EN-US\">\u00a0<\/span><\/p>\n<p><b>L\u00e9gislation applicable<\/b><\/p>\n<p>\u00a0<\/p>\n<p><span lang=\"EN-US\">Le droit n\u00e9erlandais s'applique \u00e0 tous les accords et relations juridiques entre Colori Kidz et son client, quel que soit l'endroit o\u00f9 la commande est pass\u00e9e et exp\u00e9di\u00e9e.<\/span><\/p>\n<p><\/p>\t\t\t\t\t\t\t\t<\/div>\n\t\t\t\t<\/div>\n\t\t\t\t\t<\/div>\n\t\t<\/div>\n\t\t\t\t\t<\/div>\n\t\t<\/section>\n\t\t\t\t<\/div>","protected":false},"excerpt":{"rendered":"<p>\u2013 Last updated on January 1, 2023 \u2013 &nbsp; Colori Kidz These general terms and conditions apply to all offers of Colori Kidz and all agreements entered into our company. Colori Kidz operates under the trade name of Ron Offenbach B.V., which is recognized under the Dutch law. Its head office is based in The [&hellip;]<\/p>\n","protected":false},"author":1,"featured_media":0,"parent":0,"menu_order":0,"comment_status":"closed","ping_status":"closed","template":"","meta":{"footnotes":""},"class_list":["post-10","page","type-page","status-publish","hentry"],"_links":{"self":[{"href":"https:\/\/www.coloriwatches.com\/fr\/wp-json\/wp\/v2\/pages\/10","targetHints":{"allow":["GET"]}}],"collection":[{"href":"https:\/\/www.coloriwatches.com\/fr\/wp-json\/wp\/v2\/pages"}],"about":[{"href":"https:\/\/www.coloriwatches.com\/fr\/wp-json\/wp\/v2\/types\/page"}],"author":[{"embeddable":true,"href":"https:\/\/www.coloriwatches.com\/fr\/wp-json\/wp\/v2\/users\/1"}],"replies":[{"embeddable":true,"href":"https:\/\/www.coloriwatches.com\/fr\/wp-json\/wp\/v2\/comments?post=10"}],"version-history":[{"count":40,"href":"https:\/\/www.coloriwatches.com\/fr\/wp-json\/wp\/v2\/pages\/10\/revisions"}],"predecessor-version":[{"id":18680,"href":"https:\/\/www.coloriwatches.com\/fr\/wp-json\/wp\/v2\/pages\/10\/revisions\/18680"}],"wp:attachment":[{"href":"https:\/\/www.coloriwatches.com\/fr\/wp-json\/wp\/v2\/media?parent=10"}],"curies":[{"name":"wp","href":"https:\/\/api.w.org\/{rel}","templated":true}]}}