{"id":16536,"date":"2026-04-26T03:02:47","date_gmt":"2026-04-26T03:02:47","guid":{"rendered":"https:\/\/www.coloriwatches.com\/product\/kids-watch-with-american-football\/"},"modified":"2026-04-26T03:03:03","modified_gmt":"2026-04-26T03:03:03","slug":"kids-watch-with-american-football","status":"publish","type":"product","link":"https:\/\/www.coloriwatches.com\/es\/producto\/kids-watch-with-american-football\/","title":{"rendered":"Reloj para ni\u00f1os con f\u00fatbol americano"},"content":{"rendered":"<p>Un reloj azul para ni\u00f1os con un bal\u00f3n de f\u00fatbol americano en la esfera. Este reloj es resistente al agua 5ATM. Para garantizar la longevidad del reloj, le aconsejamos que no lo lleve mientras nada. Es un reloj perfecto para que los ni\u00f1os aprendan a leer la hora.<\/p>","protected":false},"excerpt":{"rendered":"<p>Un reloj azul para ni\u00f1os con un bal\u00f3n de f\u00fatbol americano en la esfera. Este reloj es resistente al agua 5ATM. Para garantizar la longevidad del reloj, le aconsejamos que no lo lleve mientras nada. Es un reloj perfecto para que los ni\u00f1os aprendan a leer la hora.<\/p>","protected":false},"featured_media":20554,"comment_status":"closed","ping_status":"open","template":"","meta":[],"product_brand":[],"product_cat":[48],"product_tag":[25],"class_list":{"0":"post-16536","1":"product","2":"type-product","3":"status-publish","4":"has-post-thumbnail","6":"product_cat-sports","7":"product_tag-sale","8":"pa_color-blue","9":"pa_ean13-70","11":"first","12":"instock","13":"sale","14":"shipping-taxable","15":"purchasable","16":"product-type-simple"},"_links":{"self":[{"href":"https:\/\/www.coloriwatches.com\/es\/wp-json\/wp\/v2\/product\/16536","targetHints":{"allow":["GET"]}}],"collection":[{"href":"https:\/\/www.coloriwatches.com\/es\/wp-json\/wp\/v2\/product"}],"about":[{"href":"https:\/\/www.coloriwatches.com\/es\/wp-json\/wp\/v2\/types\/product"}],"replies":[{"embeddable":true,"href":"https:\/\/www.coloriwatches.com\/es\/wp-json\/wp\/v2\/comments?post=16536"}],"wp:featuredmedia":[{"embeddable":true,"href":"https:\/\/www.coloriwatches.com\/es\/wp-json\/wp\/v2\/media\/20554"}],"wp:attachment":[{"href":"https:\/\/www.coloriwatches.com\/es\/wp-json\/wp\/v2\/media?parent=16536"}],"wp:term":[{"taxonomy":"product_brand","embeddable":true,"href":"https:\/\/www.coloriwatches.com\/es\/wp-json\/wp\/v2\/product_brand?post=16536"},{"taxonomy":"product_cat","embeddable":true,"href":"https:\/\/www.coloriwatches.com\/es\/wp-json\/wp\/v2\/product_cat?post=16536"},{"taxonomy":"product_tag","embeddable":true,"href":"https:\/\/www.coloriwatches.com\/es\/wp-json\/wp\/v2\/product_tag?post=16536"}],"curies":[{"name":"wp","href":"https:\/\/api.w.org\/{rel}","templated":true}]}}