{"id":16518,"date":"2023-11-09T09:54:07","date_gmt":"2023-11-09T09:54:07","guid":{"rendered":"https:\/\/www.coloriwatches.com\/product\/kids-watch-with-police-car\/"},"modified":"2026-04-13T14:02:05","modified_gmt":"2026-04-13T14:02:05","slug":"kids-watch-with-police-car","status":"publish","type":"product","link":"https:\/\/www.coloriwatches.com\/es\/producto\/kids-watch-with-police-car\/","title":{"rendered":"Reloj infantil con coche de polic\u00eda"},"content":{"rendered":"<p>Un reloj azul para ni\u00f1os con un coche de polic\u00eda en la esfera. Este reloj es resistente al agua 5ATM. Para garantizar la longevidad del reloj, le aconsejamos que no lo lleve mientras nada. Es un reloj perfecto para que los ni\u00f1os aprendan a leer la hora.<\/p>","protected":false},"excerpt":{"rendered":"<p>Un reloj azul para ni\u00f1os con un coche de polic\u00eda en la esfera. Este reloj es resistente al agua 5ATM. Para garantizar la longevidad del reloj, le aconsejamos que no lo lleve mientras nada. Es un reloj perfecto para que los ni\u00f1os aprendan a leer la hora.<\/p>","protected":false},"featured_media":16519,"comment_status":"closed","ping_status":"open","template":"","meta":[],"product_brand":[],"product_cat":[50],"product_tag":[],"class_list":{"0":"post-16518","1":"product","2":"type-product","3":"status-publish","4":"has-post-thumbnail","6":"product_cat-professions","7":"pa_color-blue","8":"pa_ean13-64","10":"first","11":"outofstock","12":"shipping-taxable","13":"purchasable","14":"product-type-simple"},"_links":{"self":[{"href":"https:\/\/www.coloriwatches.com\/es\/wp-json\/wp\/v2\/product\/16518","targetHints":{"allow":["GET"]}}],"collection":[{"href":"https:\/\/www.coloriwatches.com\/es\/wp-json\/wp\/v2\/product"}],"about":[{"href":"https:\/\/www.coloriwatches.com\/es\/wp-json\/wp\/v2\/types\/product"}],"replies":[{"embeddable":true,"href":"https:\/\/www.coloriwatches.com\/es\/wp-json\/wp\/v2\/comments?post=16518"}],"wp:featuredmedia":[{"embeddable":true,"href":"https:\/\/www.coloriwatches.com\/es\/wp-json\/wp\/v2\/media\/16519"}],"wp:attachment":[{"href":"https:\/\/www.coloriwatches.com\/es\/wp-json\/wp\/v2\/media?parent=16518"}],"wp:term":[{"taxonomy":"product_brand","embeddable":true,"href":"https:\/\/www.coloriwatches.com\/es\/wp-json\/wp\/v2\/product_brand?post=16518"},{"taxonomy":"product_cat","embeddable":true,"href":"https:\/\/www.coloriwatches.com\/es\/wp-json\/wp\/v2\/product_cat?post=16518"},{"taxonomy":"product_tag","embeddable":true,"href":"https:\/\/www.coloriwatches.com\/es\/wp-json\/wp\/v2\/product_tag?post=16518"}],"curies":[{"name":"wp","href":"https:\/\/api.w.org\/{rel}","templated":true}]}}