{"id":16503,"date":"2026-05-02T03:01:02","date_gmt":"2026-05-02T03:01:02","guid":{"rendered":"https:\/\/www.coloriwatches.com\/product\/kids-watch-with-aircraft\/"},"modified":"2026-05-02T03:01:12","modified_gmt":"2026-05-02T03:01:12","slug":"kids-watch-with-aircraft","status":"publish","type":"product","link":"https:\/\/www.coloriwatches.com\/es\/producto\/kids-watch-with-aircraft\/","title":{"rendered":"Reloj infantil con avi\u00f3n"},"content":{"rendered":"<p>Un reloj verde militar para ni\u00f1os con un avi\u00f3n en la esfera. Este reloj es resistente al agua 5ATM. Para garantizar la longevidad del reloj, le aconsejamos que no lo lleve mientras nada. Es un reloj perfecto para que los ni\u00f1os aprendan a leer la hora.<\/p>","protected":false},"excerpt":{"rendered":"<p>Un reloj verde militar para ni\u00f1os con un avi\u00f3n en la esfera. Este reloj es resistente al agua 5ATM. Para garantizar la longevidad del reloj, le aconsejamos que no lo lleve mientras nada. Es un reloj perfecto para que los ni\u00f1os aprendan a leer la hora.<\/p>","protected":false},"featured_media":20825,"comment_status":"closed","ping_status":"open","template":"","meta":[],"product_brand":[],"product_cat":[50],"product_tag":[],"class_list":{"0":"post-16503","1":"product","2":"type-product","3":"status-publish","4":"has-post-thumbnail","6":"product_cat-professions","7":"pa_color-green","8":"pa_ean13-59","10":"first","11":"instock","12":"shipping-taxable","13":"purchasable","14":"product-type-simple"},"_links":{"self":[{"href":"https:\/\/www.coloriwatches.com\/es\/wp-json\/wp\/v2\/product\/16503","targetHints":{"allow":["GET"]}}],"collection":[{"href":"https:\/\/www.coloriwatches.com\/es\/wp-json\/wp\/v2\/product"}],"about":[{"href":"https:\/\/www.coloriwatches.com\/es\/wp-json\/wp\/v2\/types\/product"}],"replies":[{"embeddable":true,"href":"https:\/\/www.coloriwatches.com\/es\/wp-json\/wp\/v2\/comments?post=16503"}],"wp:featuredmedia":[{"embeddable":true,"href":"https:\/\/www.coloriwatches.com\/es\/wp-json\/wp\/v2\/media\/20825"}],"wp:attachment":[{"href":"https:\/\/www.coloriwatches.com\/es\/wp-json\/wp\/v2\/media?parent=16503"}],"wp:term":[{"taxonomy":"product_brand","embeddable":true,"href":"https:\/\/www.coloriwatches.com\/es\/wp-json\/wp\/v2\/product_brand?post=16503"},{"taxonomy":"product_cat","embeddable":true,"href":"https:\/\/www.coloriwatches.com\/es\/wp-json\/wp\/v2\/product_cat?post=16503"},{"taxonomy":"product_tag","embeddable":true,"href":"https:\/\/www.coloriwatches.com\/es\/wp-json\/wp\/v2\/product_tag?post=16503"}],"curies":[{"name":"wp","href":"https:\/\/api.w.org\/{rel}","templated":true}]}}