{"id":10,"date":"2022-12-12T12:59:44","date_gmt":"2022-12-12T12:59:44","guid":{"rendered":"https:\/\/coloriwatches.com\/dev_epic_staging\/?page_id=10"},"modified":"2026-03-18T09:22:33","modified_gmt":"2026-03-18T09:22:33","slug":"terms-conditions","status":"publish","type":"page","link":"https:\/\/www.coloriwatches.com\/es\/terms-conditions\/","title":{"rendered":"Condiciones generales"},"content":{"rendered":"<div data-elementor-type=\"wp-page\" data-elementor-id=\"10\" class=\"elementor elementor-10\" data-elementor-post-type=\"page\">\n\t\t\t\t\t\t<section data-particle_enable=\"false\" data-particle-mobile-disabled=\"false\" class=\"elementor-section elementor-top-section elementor-element elementor-element-492fe8d4 elementor-section-full_width elementor-section-height-default elementor-section-height-default\" data-id=\"492fe8d4\" data-element_type=\"section\" data-e-type=\"section\">\n\t\t\t\t\t\t<div class=\"elementor-container elementor-column-gap-default\">\n\t\t\t\t\t<div class=\"elementor-column elementor-col-100 elementor-top-column elementor-element elementor-element-4c77f014\" data-id=\"4c77f014\" data-element_type=\"column\" data-e-type=\"column\">\n\t\t\t<div class=\"elementor-widget-wrap elementor-element-populated\">\n\t\t\t\t\t\t<div class=\"elementor-element elementor-element-4f06aa24 elementor--h-position-right elementor--v-position-bottom elementor-arrows-position-inside elementor-pagination-position-inside elementor-widget elementor-widget-slides\" data-id=\"4f06aa24\" data-element_type=\"widget\" data-e-type=\"widget\" data-settings=\"{&quot;navigation&quot;:&quot;both&quot;,&quot;autoplay&quot;:&quot;yes&quot;,&quot;pause_on_hover&quot;:&quot;yes&quot;,&quot;pause_on_interaction&quot;:&quot;yes&quot;,&quot;autoplay_speed&quot;:5000,&quot;infinite&quot;:&quot;yes&quot;,&quot;transition&quot;:&quot;slide&quot;,&quot;transition_speed&quot;:500}\" data-widget_type=\"slides.default\">\n\t\t\t\t<div class=\"elementor-widget-container\">\n\t\t\t\t\t\t\t\t\t<div class=\"elementor-swiper\">\n\t\t\t\t\t<div class=\"elementor-slides-wrapper elementor-main-swiper swiper\" role=\"region\" aria-roledescription=\"carousel\" aria-label=\"Diapositivas\" dir=\"ltr\" data-animation=\"fadeInUp\">\n\t\t\t\t<div class=\"swiper-wrapper elementor-slides\">\n\t\t\t\t\t\t\t\t\t\t<div class=\"elementor-repeater-item-abcb381 swiper-slide\" role=\"group\" aria-roledescription=\"slide\"><div class=\"swiper-slide-bg\" role=\"img\" aria-label=\"Banner_FAQ\"><\/div><div class=\"swiper-slide-inner\" ><div class=\"swiper-slide-contents\"><\/div><\/div><\/div>\t\t\t\t<\/div>\n\t\t\t\t\t\t\t<\/div>\n\t\t\t\t<\/div>\n\t\t\t\t\t\t\t\t<\/div>\n\t\t\t\t<\/div>\n\t\t\t\t\t<\/div>\n\t\t<\/div>\n\t\t\t\t\t<\/div>\n\t\t<\/section>\n\t\t\t\t<section data-particle_enable=\"false\" data-particle-mobile-disabled=\"false\" class=\"elementor-section elementor-top-section elementor-element elementor-element-13b64088 elementor-section-boxed elementor-section-height-default elementor-section-height-default\" data-id=\"13b64088\" data-element_type=\"section\" data-e-type=\"section\">\n\t\t\t\t\t\t<div class=\"elementor-container elementor-column-gap-default\">\n\t\t\t\t\t<div class=\"elementor-column elementor-col-100 elementor-top-column elementor-element elementor-element-67181eec\" data-id=\"67181eec\" data-element_type=\"column\" data-e-type=\"column\">\n\t\t\t<div class=\"elementor-widget-wrap elementor-element-populated\">\n\t\t\t\t\t\t<div class=\"elementor-element elementor-element-7de8c863 elementor-widget elementor-widget-text-editor\" data-id=\"7de8c863\" data-element_type=\"widget\" data-e-type=\"widget\" data-widget_type=\"text-editor.default\">\n\t\t\t\t<div class=\"elementor-widget-container\">\n\t\t\t\t\t\t\t\t\t<p><\/p>\n<p><span lang=\"EN-US\">- \u00daltima actualizaci\u00f3n el 1 de enero de 2023 -<\/span><\/p>\n<p>&nbsp;<\/p>\n<p><b>Colori Kidz<\/b><\/p>\n<p><span lang=\"EN-US\">Estas condiciones generales se aplican a todas las ofertas de Colori Kidz y a todos los contratos celebrados con nuestra empresa. Colori Kidz opera bajo el nombre comercial de Ron Offenbach B.V., reconocido por la legislaci\u00f3n holandesa. Su domicilio social se encuentra en los Pa\u00edses Bajos, en De Wetering 101, 4906 CT en Oosterhout. La empresa est\u00e1 registrada en la C\u00e1mara de Comercio neerlandesa, cap\u00edtulo Oosterhout, con el n\u00famero DCC 20092690.<\/span><\/p>\n<p><span lang=\"EN-US\">\u00a0<\/span><\/p>\n<p><b>General<\/b><\/p>\n<p><span lang=\"EN-US\">Las condiciones de entrega y pago se aplican a todos los productos Colori Kidz. Es accesible para todos a trav\u00e9s de la p\u00e1gina de inicio de Colori Kidz www.coloriwatches.com.<\/span><\/p>\n<p><span lang=\"EN-US\">Al aprobar estos t\u00e9rminos y condiciones tras confirmar su pedido, se establece un acuerdo vinculante. Del mismo modo, cuando se reciba su pedido, recibir\u00e1 un correo electr\u00f3nico de confirmaci\u00f3n generado autom\u00e1ticamente.<\/span><\/p>\n<p><span lang=\"EN-US\">En caso de devoluci\u00f3n, informa al equipo de atenci\u00f3n al cliente de Colori Kidz en un plazo de 14 d\u00edas y espera instrucciones antes de emprender cualquier acci\u00f3n. Una vez devuelto el art\u00edculo, espere hasta 14 d\u00edas desde la fecha de recepci\u00f3n para que se procese el reembolso y se abone en el m\u00e9todo de pago utilizado.<\/span><\/p>\n<p><span lang=\"EN-US\">\u00a0<\/span><\/p>\n<p><b>Precio garantizado<\/b><\/p>\n<p><span lang=\"EN-US\">Esta p\u00e1gina web puede contener errores tipogr\u00e1ficos y los colores de los productos representados pueden desviarse ligeramente de la realidad. Por lo tanto, Colori Kidz no se hace responsable de ninguna inexactitud derivada de errores de los productos mostrados, ya que se mencionan de antemano.<\/span><\/p>\n<p><span lang=\"EN-US\">Todos los precios ofrecidos en nuestro sitio web se muestran en EUROS e incluyen el IVA 21%, que cumple con los requisitos espec\u00edficos seg\u00fan la legislaci\u00f3n holandesa. En caso de realizar un pedido fuera de la UE, tenga en cuenta que pueden aplicarse aranceles locales, dependiendo de su regi\u00f3n, aduanas locales e impuestos. Estos gastos correr\u00e1n a su cargo. Tenga en cuenta tambi\u00e9n que Colori Kidz no tiene un control decisivo sobre estos cargos. Por lo tanto, le aconsejamos que se ponga en contacto con su oficina de aduanas local para obtener m\u00e1s informaci\u00f3n.<\/span><\/p>\n<p><span lang=\"EN-US\">Colori Kidz se reserva el derecho a modificar sus precios en cualquier momento. No obstante, facturaremos el producto en funci\u00f3n del momento en que se realice el pedido.<\/span><\/p>\n<p><b>\u00a0<\/b><\/p>\n<p><b>Gastos de env\u00edo<\/b><\/p>\n<table style=\"border-collapse: collapse;\" width=\"443\">\n<tbody>\n<tr>\n<td style=\"border: none;\" width=\"152\"><b>Fuera de la UE<\/b><\/td>\n<td style=\"border: none;\" width=\"168\">No hay entrega gratuita<\/td>\n<td style=\"border: none;\" width=\"123\">\u00a0<\/td>\n<\/tr>\n<tr>\n<td style=\"border: none;\"><b>En la UE<\/b><\/td>\n<td style=\"border: none;\">M\u00e1s de 75 euros env\u00edo gratuito<\/td>\n<td style=\"border: none;\">\u00a0<\/td>\n<\/tr>\n<tr>\n<td style=\"border: none;\">\u00a0<\/td>\n<td style=\"border: none;\">\u00a0<\/td>\n<td style=\"border: none;\">\u00a0<\/td>\n<\/tr>\n<tr>\n<td style=\"border: none;\"><b>Pa\u00edses<\/b><\/td>\n<td style=\"border: none;\"><b>Gastos de env\u00edo<\/b><\/td>\n<td style=\"border: none;\"><b>Plazo de entrega<\/b><\/td>\n<\/tr>\n<tr>\n<td style=\"border: none;\">Pa\u00edses Bajos<\/td>\n<td style=\"border: none;\">Menos de 75,- euros = 5,95 euros<\/td>\n<td style=\"border: none;\">1-2 d\u00edas laborables<\/td>\n<\/tr>\n<tr>\n<td style=\"border: none;\">Alemania<\/td>\n<td style=\"border: none;\">Menos de 75,- euros = 5,95 euros<\/td>\n<td style=\"border: none;\">2-3 d\u00edas laborables<\/td>\n<\/tr>\n<tr>\n<td style=\"border: none;\">B\u00e9lgica<\/td>\n<td style=\"border: none;\">Menos de 75,- euros = 5,95 euros<\/td>\n<td style=\"border: none;\">1-2 d\u00edas laborables<\/td>\n<\/tr>\n<tr>\n<td style=\"border: none;\">Francia<\/td>\n<td style=\"border: none;\">Menos de 75,- euros = 5,95 euros<\/td>\n<td style=\"border: none;\">2-4 d\u00edas laborables<\/td>\n<\/tr>\n<tr>\n<td style=\"border: none;\">Luxemburgo<\/td>\n<td style=\"border: none;\">Menos de 75,- euros = 5,95 euros<\/td>\n<td style=\"border: none;\">1-2 d\u00edas laborables<\/td>\n<\/tr>\n<tr>\n<td style=\"border: none;\">Austria<\/td>\n<td style=\"border: none;\">Menos de 75,- euros = 5,95 euros<\/td>\n<td style=\"border: none;\">2-3 d\u00edas laborables<\/td>\n<\/tr>\n<tr>\n<td style=\"border: none;\">Bulgaria<\/td>\n<td style=\"border: none;\">Menos de 75,- euros = 14,95 euros<\/td>\n<td style=\"border: none;\">4-6 d\u00edas laborables<\/td>\n<\/tr>\n<tr>\n<td style=\"border: none;\">Chipre<\/td>\n<td style=\"border: none;\">Menos de 75,- euros = 14,95 euros<\/td>\n<td style=\"border: none;\">4-6 d\u00edas laborables<\/td>\n<\/tr>\n<tr>\n<td style=\"border: none;\">Dinamarca<\/td>\n<td style=\"border: none;\">Menos de 75,- euros = 14,95 euros<\/td>\n<td style=\"border: none;\">2-3 d\u00edas laborables<\/td>\n<\/tr>\n<tr>\n<td style=\"border: none;\">Estonia<\/td>\n<td style=\"border: none;\">Menos de 75,- euros = 14,95 euros<\/td>\n<td style=\"border: none;\">4-6 d\u00edas laborables<\/td>\n<\/tr>\n<tr>\n<td style=\"border: none;\">Grecia<\/td>\n<td style=\"border: none;\">Menos de 75,- euros = 14,95 euros<\/td>\n<td style=\"border: none;\">3-6 d\u00edas laborables<\/td>\n<\/tr>\n<tr>\n<td style=\"border: none;\">Hungr\u00eda<\/td>\n<td style=\"border: none;\">Menos de 75,- euros = 5,95 euros<\/td>\n<td style=\"border: none;\">2-3 d\u00edas laborables<\/td>\n<\/tr>\n<tr>\n<td style=\"border: none;\">Irlanda<\/td>\n<td style=\"border: none;\">Menos de 75,- euros = 14,95 euros<\/td>\n<td style=\"border: none;\">2-6 d\u00edas laborables<\/td>\n<\/tr>\n<tr>\n<td style=\"border: none;\">Italia<\/td>\n<td style=\"border: none;\">Menos de 75,- euros = 14,95 euros<\/td>\n<td style=\"border: none;\">2-3 d\u00edas laborables<\/td>\n<\/tr>\n<tr>\n<td style=\"border: none;\">Croacia<\/td>\n<td style=\"border: none;\">Menos de 75,- euros = 14,95 euros<\/td>\n<td style=\"border: none;\">5-8 d\u00edas laborables<\/td>\n<\/tr>\n<tr>\n<td style=\"border: none;\">Letonia<\/td>\n<td style=\"border: none;\">Menos de 75,- euros = 14,95 euros<\/td>\n<td style=\"border: none;\">3-6 d\u00edas laborables<\/td>\n<\/tr>\n<tr>\n<td style=\"border: none;\">Lituania<\/td>\n<td style=\"border: none;\">Menos de 75,- euros = 14,95 euros<\/td>\n<td style=\"border: none;\">4-6 d\u00edas laborables<\/td>\n<\/tr>\n<tr>\n<td style=\"border: none;\">Malta<\/td>\n<td style=\"border: none;\">Menos de 75,- euros = 14,95 euros<\/td>\n<td style=\"border: none;\">3-6 d\u00edas laborables<\/td>\n<\/tr>\n<tr>\n<td style=\"border: none;\">Polonia<\/td>\n<td style=\"border: none;\">Menos de 75,- euros = 5,95 euros<\/td>\n<td style=\"border: none;\">2-4 d\u00edas laborables<\/td>\n<\/tr>\n<tr>\n<td style=\"border: none;\">Portugal<\/td>\n<td style=\"border: none;\">Menos de 75,- euros = 14,95 euros<\/td>\n<td style=\"border: none;\">3-5 d\u00edas laborables<\/td>\n<\/tr>\n<tr>\n<td style=\"border: none;\">Ruman\u00eda<\/td>\n<td style=\"border: none;\">Menos de 75,- euros = 14,95 euros<\/td>\n<td style=\"border: none;\">3-6 d\u00edas laborables<\/td>\n<\/tr>\n<tr>\n<td style=\"border: none;\">Eslovenia<\/td>\n<td style=\"border: none;\">Menos de 75,- euros = 14,95 euros<\/td>\n<td style=\"border: none;\">2-4 d\u00edas laborables<\/td>\n<\/tr>\n<tr>\n<td style=\"border: none;\">Eslovaquia<\/td>\n<td style=\"border: none;\">Menos de 75,- euros = 5,95 euros<\/td>\n<td style=\"border: none;\">3-6 d\u00edas laborables<\/td>\n<\/tr>\n<tr>\n<td style=\"border: none;\">Espa\u00f1a<\/td>\n<td style=\"border: none;\">Menos de 75,- euros = 14,95 euros<\/td>\n<td style=\"border: none;\">3-5 d\u00edas laborables<\/td>\n<\/tr>\n<tr>\n<td style=\"border: none;\">Suecia<\/td>\n<td style=\"border: none;\">Menos de 75,- euros = 14,95 euros<\/td>\n<td style=\"border: none;\">2-5 d\u00edas laborables<\/td>\n<\/tr>\n<tr>\n<td style=\"border: none;\">Finlandia<\/td>\n<td style=\"border: none;\">Menos de 75,- euros = 14,95 euros<\/td>\n<td style=\"border: none;\">3-6 d\u00edas laborables<\/td>\n<\/tr>\n<tr>\n<td style=\"border: none;\">Todos los dem\u00e1s pa\u00edses<\/td>\n<td style=\"border: none;\">\u20ac29,95<\/td>\n<td style=\"border: none;\">\u00a0<\/td>\n<\/tr>\n<\/tbody>\n<\/table>\n<p><span lang=\"EN-US\">PAGO SEGURO<\/span><\/p>\n<p><span lang=\"EN-US\">M\u00e9todos de pago disponibles para la Uni\u00f3n Europea: IDEAL, PayPal, Visa y Mastercard<\/span><\/p>\n<p><span lang=\"EN-US\">\u00a0<\/span><\/p>\t\t\t\t\t\t\t\t<\/div>\n\t\t\t\t<\/div>\n\t\t\t\t<div class=\"elementor-element elementor-element-ae2123e elementor-widget elementor-widget-menu-anchor\" data-id=\"ae2123e\" data-element_type=\"widget\" data-e-type=\"widget\" data-widget_type=\"menu-anchor.default\">\n\t\t\t\t<div class=\"elementor-widget-container\">\n\t\t\t\t\t\t\t<div class=\"elementor-menu-anchor\" id=\"section_target\"><\/div>\n\t\t\t\t\t\t<\/div>\n\t\t\t\t<\/div>\n\t\t\t\t<div class=\"elementor-element elementor-element-092f96d elementor-widget elementor-widget-text-editor\" data-id=\"092f96d\" data-element_type=\"widget\" data-e-type=\"widget\" data-widget_type=\"text-editor.default\">\n\t\t\t\t<div class=\"elementor-widget-container\">\n\t\t\t\t\t\t\t\t\t<p><span style=\"color: var( --e-global-color-primary ); font-family: var( --e-global-typography-primary-font-family ), Sans-serif; font-size: var( --e-global-typography-primary-font-size ); font-weight: var( --e-global-typography-primary-font-weight ); letter-spacing: var( --e-global-typography-primary-letter-spacing );\">\u00a0<\/span><b style=\"color: var( --e-global-color-primary ); font-family: var( --e-global-typography-primary-font-family ), Sans-serif; font-size: var( --e-global-typography-primary-font-size ); letter-spacing: var( --e-global-typography-primary-letter-spacing );\">Entrega<\/b><\/p>\n<p><span lang=\"EN-US\">Colori Kidz no se hace responsable de la p\u00e9rdida del env\u00edo causada por la inscripci\u00f3n incorrecta de la direcci\u00f3n de entrega por parte del comprador. En caso de que sea necesaria alguna informaci\u00f3n, Colori Kidz podr\u00e1 ponerse en contacto con usted para obtener m\u00e1s informaci\u00f3n. Por lo tanto, debe tenerse en cuenta que puede producirse un retraso en la entrega.<\/span><\/p>\n<p><span lang=\"EN-US\">En caso de da\u00f1os o entrega incompleta, deber\u00e1 informarse al equipo de atenci\u00f3n al cliente de Colori Kidz en un plazo de 24 horas tras la recepci\u00f3n de los productos. Por favor, espere instrucciones por correo electr\u00f3nico en relaci\u00f3n con el env\u00edo de devoluci\u00f3n.<\/span><\/p>\n<p><span lang=\"EN-US\">\u00a0<\/span><\/p>\n<p><b>Regalo*<\/b><\/p>\n<p><span lang=\"EN-US\">Recibir\u00e1s un regalo con tu pedido mientras haya existencias. <\/span><\/p>\n<p><span lang=\"EN-US\">\u00a0<\/span><\/p>\n<p><b>Responsabilidad<\/b><\/p>\n<p><span lang=\"EN-US\">Colori Kidz intenta cumplir los objetivos de entrega estimados y no se hace responsable de los retrasos en la entrega de un pedido.<\/span><\/p>\n<p><span lang=\"EN-US\">\u00a0<\/span><\/p>\n<p><b>Garant\u00eda y reparaci\u00f3n<\/b><\/p>\n<p><span lang=\"EN-US\">Su compra en Colori Kidz est\u00e1 garantizada durante un per\u00edodo de 6 meses a partir de la fecha de compra en los t\u00e9rminos y condiciones de esta garant\u00eda. Cubre los defectos materiales y de fabricaci\u00f3n existentes en el momento de la compra y s\u00f3lo entra en vigor si el certificado de garant\u00eda es correcto y est\u00e1 completo.<\/span><\/p>\n<p><span lang=\"EN-US\">\u00a0<\/span><\/p>\n<p><span lang=\"EN-US\">La garant\u00eda del fabricante no se aplica en caso de:<\/span><\/p>\n<p><span lang=\"EN-US\">Da\u00f1os resultantes de un uso inadecuado, falta de cuidado, negligencia y accidentes como ara\u00f1azos, rebotes o ca\u00eddas de los productos Colori Kidz.<\/span><\/p>\n<p><span lang=\"EN-US\">Productos manipulados por personas no autorizadas, sin autorizaci\u00f3n escrita de Colori Kidz.<\/span><\/p>\n<p><span lang=\"EN-US\">En caso de preguntas sobre devoluciones y garant\u00eda, el comprador siempre puede ponerse en contacto con Colori Kidz por correo electr\u00f3nico: info@coloriwatches.com<\/span><\/p>\n<p><span lang=\"EN-US\">\u00a0<\/span><\/p>\n<p><b>Legislaci\u00f3n aplicable<\/b><\/p>\n<p>\u00a0<\/p>\n<p><span lang=\"EN-US\">La legislaci\u00f3n neerlandesa se aplica a todos los acuerdos y relaciones jur\u00eddicas entre Colori Kidz y su cliente, independientemente del lugar desde el que se realice y env\u00ede el pedido.<\/span><\/p>\n<p><\/p>\t\t\t\t\t\t\t\t<\/div>\n\t\t\t\t<\/div>\n\t\t\t\t\t<\/div>\n\t\t<\/div>\n\t\t\t\t\t<\/div>\n\t\t<\/section>\n\t\t\t\t<\/div>","protected":false},"excerpt":{"rendered":"<p>\u2013 Last updated on January 1, 2023 \u2013 &nbsp; Colori Kidz These general terms and conditions apply to all offers of Colori Kidz and all agreements entered into our company. Colori Kidz operates under the trade name of Ron Offenbach B.V., which is recognized under the Dutch law. Its head office is based in The [&hellip;]<\/p>\n","protected":false},"author":1,"featured_media":0,"parent":0,"menu_order":0,"comment_status":"closed","ping_status":"closed","template":"","meta":{"footnotes":""},"class_list":["post-10","page","type-page","status-publish","hentry"],"_links":{"self":[{"href":"https:\/\/www.coloriwatches.com\/es\/wp-json\/wp\/v2\/pages\/10","targetHints":{"allow":["GET"]}}],"collection":[{"href":"https:\/\/www.coloriwatches.com\/es\/wp-json\/wp\/v2\/pages"}],"about":[{"href":"https:\/\/www.coloriwatches.com\/es\/wp-json\/wp\/v2\/types\/page"}],"author":[{"embeddable":true,"href":"https:\/\/www.coloriwatches.com\/es\/wp-json\/wp\/v2\/users\/1"}],"replies":[{"embeddable":true,"href":"https:\/\/www.coloriwatches.com\/es\/wp-json\/wp\/v2\/comments?post=10"}],"version-history":[{"count":40,"href":"https:\/\/www.coloriwatches.com\/es\/wp-json\/wp\/v2\/pages\/10\/revisions"}],"predecessor-version":[{"id":18680,"href":"https:\/\/www.coloriwatches.com\/es\/wp-json\/wp\/v2\/pages\/10\/revisions\/18680"}],"wp:attachment":[{"href":"https:\/\/www.coloriwatches.com\/es\/wp-json\/wp\/v2\/media?parent=10"}],"curies":[{"name":"wp","href":"https:\/\/api.w.org\/{rel}","templated":true}]}}