{"id":16509,"date":"2026-04-20T03:01:14","date_gmt":"2026-04-20T03:01:14","guid":{"rendered":"https:\/\/www.coloriwatches.com\/product\/kids-watch-with-green-cupcake\/"},"modified":"2026-04-20T03:01:43","modified_gmt":"2026-04-20T03:01:43","slug":"kids-watch-with-green-cupcake","status":"publish","type":"product","link":"https:\/\/www.coloriwatches.com\/de\/produkt\/kids-watch-with-green-cupcake\/","title":{"rendered":"Kinderuhr mit gr\u00fcnem Cupcake"},"content":{"rendered":"<p>Eine mintgr\u00fcne Kinderuhr mit einem Cupcake auf dem Zifferblatt. Diese Uhr ist 5ATM wasserdicht. Um die Langlebigkeit der Uhr zu gew\u00e4hrleisten, raten wir, sie nicht beim Schwimmen zu tragen. Diese Uhr ist perfekt, um Kindern das Ablesen der Uhrzeit beizubringen.<\/p>","protected":false},"excerpt":{"rendered":"<p>Eine mintgr\u00fcne Kinderuhr mit einem Cupcake auf dem Zifferblatt. Diese Uhr ist 5ATM wasserdicht. Um die Langlebigkeit der Uhr zu gew\u00e4hrleisten, raten wir, sie nicht beim Schwimmen zu tragen. Diese Uhr ist perfekt, um Kindern das Ablesen der Uhrzeit beizubringen.<\/p>","protected":false},"featured_media":20242,"comment_status":"closed","ping_status":"open","template":"","meta":[],"product_brand":[],"product_cat":[50],"product_tag":[25],"class_list":{"0":"post-16509","1":"product","2":"type-product","3":"status-publish","4":"has-post-thumbnail","6":"product_cat-professions","7":"product_tag-sale","8":"pa_color-green","9":"pa_ean13-61","11":"first","12":"instock","13":"sale","14":"shipping-taxable","15":"purchasable","16":"product-type-simple"},"_links":{"self":[{"href":"https:\/\/www.coloriwatches.com\/de\/wp-json\/wp\/v2\/product\/16509","targetHints":{"allow":["GET"]}}],"collection":[{"href":"https:\/\/www.coloriwatches.com\/de\/wp-json\/wp\/v2\/product"}],"about":[{"href":"https:\/\/www.coloriwatches.com\/de\/wp-json\/wp\/v2\/types\/product"}],"replies":[{"embeddable":true,"href":"https:\/\/www.coloriwatches.com\/de\/wp-json\/wp\/v2\/comments?post=16509"}],"wp:featuredmedia":[{"embeddable":true,"href":"https:\/\/www.coloriwatches.com\/de\/wp-json\/wp\/v2\/media\/20242"}],"wp:attachment":[{"href":"https:\/\/www.coloriwatches.com\/de\/wp-json\/wp\/v2\/media?parent=16509"}],"wp:term":[{"taxonomy":"product_brand","embeddable":true,"href":"https:\/\/www.coloriwatches.com\/de\/wp-json\/wp\/v2\/product_brand?post=16509"},{"taxonomy":"product_cat","embeddable":true,"href":"https:\/\/www.coloriwatches.com\/de\/wp-json\/wp\/v2\/product_cat?post=16509"},{"taxonomy":"product_tag","embeddable":true,"href":"https:\/\/www.coloriwatches.com\/de\/wp-json\/wp\/v2\/product_tag?post=16509"}],"curies":[{"name":"wp","href":"https:\/\/api.w.org\/{rel}","templated":true}]}}