{"id":16497,"date":"2026-05-01T03:01:32","date_gmt":"2026-05-01T03:01:32","guid":{"rendered":"https:\/\/www.coloriwatches.com\/product\/kids-watch-with-soccer-ball\/"},"modified":"2026-05-01T03:01:32","modified_gmt":"2026-05-01T03:01:32","slug":"kids-watch-with-soccer-ball","status":"publish","type":"product","link":"https:\/\/www.coloriwatches.com\/de\/produkt\/kids-watch-with-soccer-ball\/","title":{"rendered":"Kinderuhr mit Fu\u00dfball"},"content":{"rendered":"<p>Eine blaue Kinderuhr mit einem Fu\u00dfball auf dem Zifferblatt. Diese Uhr ist 5ATM wasserdicht. Um die Langlebigkeit der Uhr zu gew\u00e4hrleisten, raten wir, sie nicht beim Schwimmen zu tragen. Dies ist die perfekte Uhr, um Kindern das Ablesen der Uhrzeit beizubringen.<\/p>","protected":false},"excerpt":{"rendered":"<p>Eine blaue Kinderuhr mit einem Fu\u00dfball auf dem Zifferblatt. Diese Uhr ist 5ATM wasserdicht. Um die Langlebigkeit der Uhr zu gew\u00e4hrleisten, raten wir, sie nicht beim Schwimmen zu tragen. Dies ist die perfekte Uhr, um Kindern das Ablesen der Uhrzeit beizubringen.<\/p>","protected":false},"featured_media":20775,"comment_status":"closed","ping_status":"open","template":"","meta":[],"product_brand":[],"product_cat":[48],"product_tag":[],"class_list":{"0":"post-16497","1":"product","2":"type-product","3":"status-publish","4":"has-post-thumbnail","6":"product_cat-sports","7":"pa_color-blue","8":"pa_ean13-57","10":"first","11":"instock","12":"shipping-taxable","13":"purchasable","14":"product-type-simple"},"_links":{"self":[{"href":"https:\/\/www.coloriwatches.com\/de\/wp-json\/wp\/v2\/product\/16497","targetHints":{"allow":["GET"]}}],"collection":[{"href":"https:\/\/www.coloriwatches.com\/de\/wp-json\/wp\/v2\/product"}],"about":[{"href":"https:\/\/www.coloriwatches.com\/de\/wp-json\/wp\/v2\/types\/product"}],"replies":[{"embeddable":true,"href":"https:\/\/www.coloriwatches.com\/de\/wp-json\/wp\/v2\/comments?post=16497"}],"wp:featuredmedia":[{"embeddable":true,"href":"https:\/\/www.coloriwatches.com\/de\/wp-json\/wp\/v2\/media\/20775"}],"wp:attachment":[{"href":"https:\/\/www.coloriwatches.com\/de\/wp-json\/wp\/v2\/media?parent=16497"}],"wp:term":[{"taxonomy":"product_brand","embeddable":true,"href":"https:\/\/www.coloriwatches.com\/de\/wp-json\/wp\/v2\/product_brand?post=16497"},{"taxonomy":"product_cat","embeddable":true,"href":"https:\/\/www.coloriwatches.com\/de\/wp-json\/wp\/v2\/product_cat?post=16497"},{"taxonomy":"product_tag","embeddable":true,"href":"https:\/\/www.coloriwatches.com\/de\/wp-json\/wp\/v2\/product_tag?post=16497"}],"curies":[{"name":"wp","href":"https:\/\/api.w.org\/{rel}","templated":true}]}}