{"id":3,"date":"2022-12-05T08:36:44","date_gmt":"2022-12-05T08:36:44","guid":{"rendered":"https:\/\/coloriwatches.com\/dev_epic_staging\/?page_id=3"},"modified":"2023-01-11T10:49:38","modified_gmt":"2023-01-11T10:49:38","slug":"privacy-policy","status":"publish","type":"page","link":"https:\/\/www.coloriwatches.com\/de\/privacy-policy\/","title":{"rendered":"Datenschutzbestimmungen"},"content":{"rendered":"<div data-elementor-type=\"wp-page\" data-elementor-id=\"3\" class=\"elementor elementor-3\" data-elementor-post-type=\"page\">\n\t\t\t\t\t\t<section data-particle_enable=\"false\" data-particle-mobile-disabled=\"false\" class=\"elementor-section elementor-top-section elementor-element elementor-element-9d270ab elementor-section-full_width elementor-section-height-default elementor-section-height-default\" data-id=\"9d270ab\" data-element_type=\"section\" data-e-type=\"section\">\n\t\t\t\t\t\t<div class=\"elementor-container elementor-column-gap-default\">\n\t\t\t\t\t<div class=\"elementor-column elementor-col-100 elementor-top-column elementor-element elementor-element-4d85634a\" data-id=\"4d85634a\" data-element_type=\"column\" data-e-type=\"column\">\n\t\t\t<div class=\"elementor-widget-wrap elementor-element-populated\">\n\t\t\t\t\t\t<div class=\"elementor-element elementor-element-6dbca2fb elementor--h-position-right elementor--v-position-bottom elementor-arrows-position-inside elementor-pagination-position-inside elementor-widget elementor-widget-slides\" data-id=\"6dbca2fb\" data-element_type=\"widget\" data-e-type=\"widget\" data-settings=\"{&quot;navigation&quot;:&quot;both&quot;,&quot;autoplay&quot;:&quot;yes&quot;,&quot;pause_on_hover&quot;:&quot;yes&quot;,&quot;pause_on_interaction&quot;:&quot;yes&quot;,&quot;autoplay_speed&quot;:5000,&quot;infinite&quot;:&quot;yes&quot;,&quot;transition&quot;:&quot;slide&quot;,&quot;transition_speed&quot;:500}\" data-widget_type=\"slides.default\">\n\t\t\t\t<div class=\"elementor-widget-container\">\n\t\t\t\t\t\t\t\t\t<div class=\"elementor-swiper\">\n\t\t\t\t\t<div class=\"elementor-slides-wrapper elementor-main-swiper swiper\" role=\"region\" aria-roledescription=\"carousel\" aria-label=\"Schieberegler\" dir=\"ltr\" data-animation=\"fadeInUp\">\n\t\t\t\t<div class=\"swiper-wrapper elementor-slides\">\n\t\t\t\t\t\t\t\t\t\t<div class=\"elementor-repeater-item-abcb381 swiper-slide\" role=\"group\" aria-roledescription=\"slide\"><div class=\"swiper-slide-bg\" role=\"img\" aria-label=\"Banner_FAQ\"><\/div><div class=\"swiper-slide-inner\" ><div class=\"swiper-slide-contents\"><\/div><\/div><\/div>\t\t\t\t<\/div>\n\t\t\t\t\t\t\t<\/div>\n\t\t\t\t<\/div>\n\t\t\t\t\t\t\t\t<\/div>\n\t\t\t\t<\/div>\n\t\t\t\t\t<\/div>\n\t\t<\/div>\n\t\t\t\t\t<\/div>\n\t\t<\/section>\n\t\t\t\t<section data-particle_enable=\"false\" data-particle-mobile-disabled=\"false\" class=\"elementor-section elementor-top-section elementor-element elementor-element-37de5934 elementor-section-boxed elementor-section-height-default elementor-section-height-default\" data-id=\"37de5934\" data-element_type=\"section\" data-e-type=\"section\">\n\t\t\t\t\t\t<div class=\"elementor-container elementor-column-gap-default\">\n\t\t\t\t\t<div class=\"elementor-column elementor-col-100 elementor-top-column elementor-element elementor-element-15eddd5\" data-id=\"15eddd5\" data-element_type=\"column\" data-e-type=\"column\">\n\t\t\t<div class=\"elementor-widget-wrap elementor-element-populated\">\n\t\t\t\t\t\t<div class=\"elementor-element elementor-element-32fde504 elementor-widget elementor-widget-text-editor\" data-id=\"32fde504\" data-element_type=\"widget\" data-e-type=\"widget\" data-widget_type=\"text-editor.default\">\n\t\t\t\t<div class=\"elementor-widget-container\">\n\t\t\t\t\t\t\t\t\t<p>Datenschutzbestimmungen<\/p>\n<p>Per Januar 2023<\/p>\n<p><b>Datenschutzerkl\u00e4rung - Offenbach Group<\/b><\/p>\n<p>Vielen Dank f\u00fcr Ihren Besuch in unserem Online Shop.<\/p>\n<p>Der Schutz Ihrer Privatsph\u00e4re ist f\u00fcr uns sehr wichtig. Ron Offenbach B.V. ist der Inhaber der Datenverarbeitung. Sie k\u00f6nnen uns \u00fcber privacy@offenbachgroup.com kontaktieren.<\/p>\n<p>Nachstehend finden Sie ausf\u00fchrliche Informationen dar\u00fcber, wie wir mit Ihren Daten umgehen.<\/p><p><br><\/p>\n<p><span style=\"background-color: transparent; color: var( --e-global-color-primary ); font-family: var( --e-global-typography-primary-font-family ), Sans-serif; letter-spacing: var( --e-global-typography-primary-letter-spacing );\"><b>1.Allgemeines<\/b><\/span><\/p>\n<p>Colori Kidz ist Teil der Offenbach Gruppe. F\u00fcr die Offenbach-Gruppe ist ein sorgf\u00e4ltiger Umgang mit personenbezogenen Daten von gro\u00dfer Bedeutung. Personenbezogene Daten werden daher von uns sorgf\u00e4ltig verarbeitet und gesichert. Wir halten uns an die Anforderungen des niederl\u00e4ndischen Gesetzes zum Schutz personenbezogener Daten (Wbp) sowie an die Bestimmungen der Allgemeinen Datenschutzverordnung (GDPR \/ AVG) ab deren Inkrafttreten. Die Offenbach-Gruppe ist der Verantwortliche f\u00fcr die Verarbeitung Ihrer personenbezogenen Daten. Wir haben keinen Datenschutzbeauftragten (DSB \/ FG), aber wir helfen Ihnen gerne bei Ihren Fragen. Hierf\u00fcr k\u00f6nnen Sie uns \u00fcber privacy@offenbachgroup.com kontaktieren.<\/p>\n<p>In dieser Datenschutzerkl\u00e4rung erl\u00e4utern wir, welche personenbezogenen Daten zu welchem Zweck erhoben und verwendet werden.<\/p><p><br><\/p>\n<p><span style=\"background-color: transparent; color: var( --e-global-color-primary ); font-family: var( --e-global-typography-primary-font-family ), Sans-serif; letter-spacing: var( --e-global-typography-primary-letter-spacing );\"><b>2. welche personenbezogenen Daten erhoben und verwendet werden<\/b><\/span><\/p>\n<p>Wenn Sie unsere Website nutzen, ohne einen Kauf zu t\u00e4tigen, werden Sie nicht nach Ihren pers\u00f6nlichen Daten gefragt. Wenn Sie eines unserer Produkte kaufen (\u00fcber unsere Website, per Telefon, per E-Mail oder \u00fcber andere Kan\u00e4le), werden einige Informationen verlangt, um Sie als K\u00e4ufer zu identifizieren. Wir tun dies auf der Grundlage verschiedener Informationen, wie z. B.: Name, Lieferadresse, Telefonnummer und andere Angaben, die auf dem Kaufformular genannt werden. Auf der Website wird deutlich darauf hingewiesen, welche Felder optional und\/oder obligatorisch auszuf\u00fcllen sind. Zur Nutzung unserer Dienste ist eine Registrierung erforderlich, um den Bestellvorgang erfolgreich zu starten. Diese registrierten Daten werden in unserem System erfasst und gespeichert. Unser Ziel ist es, Ihnen durch die Registrierung ein schnelles, effizientes und angenehmes Kauferlebnis zu bieten. Sie erm\u00f6glicht es uns auch, unseren Service gegebenenfalls zu verbessern. Wichtig f\u00fcr Sie zu wissen ist, dass wir nur die notwendigen Informationen sammeln, wenn Sie eine Bestellung aufgeben. Wenn Sie unsere Website besuchen, sind dar\u00fcber hinaus auch andere Daten automatisch verf\u00fcgbar, wie z. B. Ihre IP-Adresse, Informationen \u00fcber die Internetseite, von der aus Sie unsere Website ge\u00f6ffnet haben, oder \u00fcber den von Ihnen verwendeten Internet-Browser (technische Informationen). Unsere Website und\/oder unser Dienst beabsichtigt nicht, Daten \u00fcber Website-Besucher zu sammeln, die j\u00fcnger als 16 Jahre sind. Es sei denn, sie haben die Erlaubnis ihrer Eltern oder Erziehungsberechtigten. Wir k\u00f6nnen jedoch nicht \u00fcberpr\u00fcfen, ob ein Besucher \u00e4lter als 16 Jahre ist. Wir ermutigen die Eltern, sich an den Online-Aktivit\u00e4ten ihrer Kinder zu beteiligen, um zu verhindern, dass Daten \u00fcber Kinder ohne elterliche Zustimmung gesammelt werden. Wenn Sie davon \u00fcberzeugt sind, dass wir personenbezogene Daten \u00fcber einen Minderj\u00e4hrigen ohne diese Erlaubnis gesammelt haben, kontaktieren Sie uns bitte \u00fcber privacy@offenbachgroup.com, dann werden wir diese Daten l\u00f6schen.<\/p><p><br><\/p>\n<p><span style=\"background-color: transparent; color: var( --e-global-color-primary ); font-family: var( --e-global-typography-primary-font-family ), Sans-serif; letter-spacing: var( --e-global-typography-primary-letter-spacing );\"><b>3. die Verwendung personenbezogener Daten<\/b><\/span><\/p>\n<p>Wir verarbeiten Ihre personenbezogenen Daten f\u00fcr die folgenden Zwecke:<\/p>\n<p>Abwicklung Ihrer Bestellung und Zahlung<\/p>\n<p>F\u00fcr den Versand unseres Newsletters und \/ oder unserer Werbebrosch\u00fcre<\/p>\n<p>Sie anzurufen oder Ihnen eine E-Mail zu schicken, falls dies zur Erbringung unserer Dienstleistungen erforderlich ist<\/p>\n<p>Um Ihnen die M\u00f6glichkeit zu geben, ein Konto zu erstellen<\/p>\n<p>Um Ihnen Waren und Dienstleistungen zu liefern - Wir analysieren Ihr Verhalten auf der Website, um die Website zu verbessern und das Angebot an Produkten und Dienstleistungen auf Ihre Pr\u00e4ferenzen zuzuschneiden.<\/p>\n<p>Wir verarbeiten auch personenbezogene Daten, wenn wir gesetzlich dazu verpflichtet sind, wie z. B. Informationen, die wir f\u00fcr unsere Steuererkl\u00e4rung ben\u00f6tigen. Wir treffen keine Entscheidungen auf der Grundlage einer automatisierten Verarbeitung in Angelegenheiten, die (erhebliche) Folgen f\u00fcr Personen haben k\u00f6nnen.<\/p><p><br><\/p>\n<p><span style=\"background-color: transparent; color: var( --e-global-color-primary ); font-family: var( --e-global-typography-primary-font-family ), Sans-serif; letter-spacing: var( --e-global-typography-primary-letter-spacing );\"><b>4) E-Mail-Marketing<\/b><\/span><\/p>\n<p>E-Mail-Werbung, wenn Sie sich f\u00fcr den Newsletter anmelden.<\/p>\n<p>Wenn Sie unseren Newsletter abonnieren, senden wir Ihnen regelm\u00e4\u00dfig unseren E-Mail-Newsletter auf Grundlage Ihrer Einwilligung gem\u00e4\u00df Art. 6 Abs. 1 Nr. 1 lit. a) DSGVO unter Verwendung der hierf\u00fcr erforderlichen oder von Ihnen gesondert mitgeteilten Daten.<\/p>\n<p>Sie k\u00f6nnen den Newsletter-Service jederzeit wieder abbestellen. Dazu k\u00f6nnen Sie entweder eine Nachricht an die unten angegebene Kontaktm\u00f6glichkeit senden oder den Abmeldelink im Newsletter nutzen. Mit der Abmeldung l\u00f6schen wir Ihre E-Mail-Adresse, es sei denn, Sie haben in die weitere Nutzung Ihrer Daten ausdr\u00fccklich eingewilligt oder wir behalten uns vor, Ihre personenbezogenen Daten in dem Umfang und in der Art und Weise weiter zu nutzen, wie es das Gesetz erlaubt, wor\u00fcber wir Sie in diesem Hinweis informieren.<\/p><p><br><\/p>\n<p><span style=\"background-color: transparent; color: var( --e-global-color-primary ); font-family: var( --e-global-typography-primary-font-family ), Sans-serif; letter-spacing: var( --e-global-typography-primary-letter-spacing );\"><b>5. die Lagerzeit<\/b><\/span><\/p>\n<p>Wir speichern Ihre personenbezogenen Daten nicht l\u00e4nger als n\u00f6tig und nicht l\u00e4nger als die gesetzlichen Aufbewahrungsfristen.<\/p><p><br><\/p>\n<p><span style=\"background-color: transparent; color: var( --e-global-color-primary ); font-family: var( --e-global-typography-primary-font-family ), Sans-serif; letter-spacing: var( --e-global-typography-primary-letter-spacing );\"><b>6. welche Rechte Sie haben<\/b><\/span><\/p>\n<p>Auf der Grundlage des europ\u00e4ischen Datenschutzrechts haben Sie verschiedene Rechte, die Sie in Bezug auf Ihre Daten aus\u00fcben k\u00f6nnen. In diesem Abschnitt werden Ihre Rechte beschrieben. Wenn Sie eines oder mehrere Rechte aus\u00fcben m\u00f6chten, wenden Sie sich bitte an uns. Sie k\u00f6nnen dies tun, indem Sie uns eine E-Mail schicken (privacy@offenbachgroup.com). Um Ihre Anfrage bearbeiten zu k\u00f6nnen, ben\u00f6tigen wir mindestens die folgenden Informationen von Ihnen:<\/p>\n<p>Ihr vollst\u00e4ndiger Name;<\/p>\n<p>Ihre Adresse;<\/p>\n<p>Eine Kopie eines g\u00fcltigen Identit\u00e4tsnachweises<\/p>\n<p>Um einen Missbrauch Ihres Exemplars zu verhindern, empfehlen wir Ihnen stets Folgendes: Vermerken Sie auf Ihrem Exemplar den Zweck, f\u00fcr den es bestimmt ist, und das Datum, an dem Sie es zur Verf\u00fcgung gestellt haben. Zum Beispiel: \"Gruppe Offenbach, Zugriffsanfrage1Oktober2022\". Machen Sie au\u00dferdem Ihre B\u00fcrgerservicenummer unleserlich.<\/p>\n<p>Bei der Bearbeitung Ihrer Anfrage ben\u00f6tigen wir m\u00f6glicherweise zus\u00e4tzliche Informationen von Ihnen.<\/p><p><br><\/p>\n<p><b>Recht auf Zugang und Einsichtnahme<\/b><\/p>\n<p>Sie haben das Recht, jederzeit freien Zugang zu Ihren personenbezogenen Daten zu erhalten. Sie k\u00f6nnen einen Antrag auf Einsichtnahme per E-Mail stellen.<\/p><p><br><\/p>\n<p><b>Recht auf Verbesserung, Beseitigung und Einschr\u00e4nkung<\/b><\/p>\n<p>Sie haben jederzeit das Recht, von uns die Berichtigung, Erg\u00e4nzung oder L\u00f6schung Ihrer personenbezogenen Daten zu verlangen. Daten, die wir aufgrund gesetzlicher, satzungsm\u00e4\u00dfiger oder vertraglicher Aufbewahrungspflichten speichern m\u00fcssen, werden nicht gel\u00f6scht, sondern f\u00fcr alle anderen Zwecke gesperrt. Sie k\u00f6nnen auch eine Einschr\u00e4nkung der Verarbeitung Ihrer personenbezogenen Daten verlangen. Sie k\u00f6nnen einen Antrag auf Verbesserung, \u00c4nderung und Einschr\u00e4nkung per E-Mail stellen. Wir erwarten, dass Sie in Ihrer E-Mail angeben, welche Daten berichtigt werden sollen. Wenn Sie ernsthafte Einw\u00e4nde gegen die Verarbeitung Ihrer Daten haben, erwarten wir, dass Sie in Ihrer E-Mail angeben, worin Ihre Einw\u00e4nde bestehen.<\/p><p><br><\/p>\n<p><b>Recht auf Daten\u00fcbermittlung <\/b><\/p>\n<p>Sie k\u00f6nnen eine Kopie Ihrer pers\u00f6nlichen Daten anfordern, die wir in unserem Besitz haben. Die Kopie betrifft nur die Daten, die wir mit Ihrer Erlaubnis oder f\u00fcr die Ausf\u00fchrung unserer Vereinbarung(en) verarbeitet haben. Wir werden Ihnen die Kopie in einem Standarddateiformat zur Verf\u00fcgung stellen.<\/p>\n<p><strong>Recht auf Widerruf der Zustimmung <\/strong><\/p>\n<p>Soweit die Verarbeitung auf Ihrer vorherigen Einwilligung beruht, haben Sie das Recht, diese Einwilligung zu widerrufen. Sie k\u00f6nnen dies tun, indem Sie uns eine E-Mail schicken.<\/p><p><br><\/p>\n<p><b>Beanstandungen<\/b><\/p>\n<p>Wenn Sie mit der Art und Weise, wie wir Ihre Privatsph\u00e4re sch\u00fctzen, nicht zufrieden sind, k\u00f6nnen Sie uns per E-Mail kontaktieren. Sie k\u00f6nnen sich auch an den nationalen Datenschutzbeauftragten, die niederl\u00e4ndische Datenschutzbeh\u00f6rde, wenden.<\/p><p><br><\/p>\n<p><span style=\"background-color: transparent; color: var( --e-global-color-primary ); font-family: var( --e-global-typography-primary-font-family ), Sans-serif; letter-spacing: var( --e-global-typography-primary-letter-spacing );\"><b>7. die Weitergabe von Daten an Dritte<\/b><\/span><\/p>\n<p>Bestimmte personenbezogene Daten, die wir von Ihnen verarbeiten, k\u00f6nnen im Rahmen unserer gesetzlichen Verpflichtungen an Dritte weitergegeben werden. Einige Dritte verarbeiten personenbezogene Daten im Auftrag unserer Organisation, um eine bestimmte Aufgabe zu erf\u00fcllen. Wir schlie\u00dfen mit all diesen Organisationen, die als Auftragsverarbeiter fungieren, Verarbeitungsvertr\u00e4ge ab und unternehmen alle Anstrengungen, um sicherzustellen, dass wir Ihre personenbezogenen Daten ausreichend sch\u00fctzen. Die von uns gesammelten Informationen k\u00f6nnen auch an unsere Partner zu Analysezwecken weitergegeben werden. Keine pers\u00f6nlichen Daten werden au\u00dferhalb unserer Organisation und unserer vertrauensw\u00fcrdigen Partner weitergegeben, gehandelt oder ver\u00f6ffentlicht. Ihre pers\u00f6nlichen Daten werden weder verkauft, noch vermietet, vertrieben oder anderweitig Dritten kommerziell zur Verf\u00fcgung gestellt, au\u00dfer wie oben beschrieben oder mit Ihrer vorherigen Zustimmung. In seltenen F\u00e4llen kann es vorkommen, dass wir Ihre personenbezogenen Daten aufgrund einer gerichtlichen Anordnung weitergeben m\u00fcssen.<\/p><p><br><\/p>\n<p><span style=\"background-color: transparent; color: var( --e-global-color-primary ); font-family: var( --e-global-typography-primary-font-family ), Sans-serif; letter-spacing: var( --e-global-typography-primary-letter-spacing );\"><b>8.Cookies<\/b><\/span><\/p>\n<p>Cookies sind kleine Textdateien, die w\u00e4hrend des Besuchs einer Website auf Ihrer Festplatte gespeichert werden. Wir verwenden Cookies f\u00fcr systembezogene, statistische und Werbezwecke. Einige Cookies sind f\u00fcr das ordnungsgem\u00e4\u00dfe Funktionieren der Website unerl\u00e4sslich. Cookies verfolgen Ihre Aktivit\u00e4ten auf einer Website und erleichtern Ihr Einkaufserlebnis, indem sie z. B. Ihre Ger\u00e4te erkennen und sich Ihre Pr\u00e4ferenzen und Einstellungen merken. Cookies werden auch verwendet, um Daten zu sammeln, wie z. B. die Dauer der Sitzung, die Anzahl der besuchten Seiten, abgeschlossene Transaktionen oder demografische Daten. Diese Informationen werden zu Analysezwecken verwendet und erm\u00f6glichen es uns, das beste Einkaufserlebnis f\u00fcr Sie zu schaffen. Unsere Cookies sammeln keine Informationen, die zur Verfolgung oder Identifizierung von Personen verwendet werden k\u00f6nnen.<\/p><p><br><\/p>\n<p><span style=\"background-color: transparent; color: var( --e-global-color-primary ); font-family: var( --e-global-typography-primary-font-family ), Sans-serif; letter-spacing: var( --e-global-typography-primary-letter-spacing );\"><b>9.Sicherheit<\/b><\/span><\/p>\n<p>Die Sicherheit personenbezogener Daten hat f\u00fcr uns oberste Priorit\u00e4t. Ihre bei uns gespeicherten Daten werden daher durch technische und organisatorische Ma\u00dfnahmen gesch\u00fctzt, um einen Verlust oder Missbrauch durch Dritte wirksam zu verhindern. Insbesondere unsere Mitarbeiter, die diese personenbezogenen Daten verarbeiten, sind auf das Datengeheimnis verpflichtet. Die \u00dcbermittlung besonders sch\u00fctzenswerter personenbezogener Daten erfolgt in verschl\u00fcsselter Form. Dies erkennen Sie z.B. an dem Schloss, das der Browser bei einer SSL-Verbindung anzeigt. Technische Sicherheitsma\u00dfnahmen zum Schutz Ihrer Daten (wie Virenscans, Firewalls, Verschl\u00fcsselung, etc.) werden regelm\u00e4\u00dfig \u00fcberpr\u00fcft und gegebenenfalls dem Stand der Technik angepasst. Diese Grunds\u00e4tze gelten auch f\u00fcr Unternehmen, die die Daten nach unseren Weisungen verarbeiten und nutzen. Sollten Sie den Eindruck haben, dass Ihre Daten nicht sicher sind oder es Anzeichen f\u00fcr einen Missbrauch gibt, wenden Sie sich bitte an uns: privacy@offenbachgroup.com.<\/p><p><br><\/p>\n<p><span style=\"background-color: transparent; color: var( --e-global-color-primary ); font-family: var( --e-global-typography-primary-font-family ), Sans-serif; letter-spacing: var( --e-global-typography-primary-letter-spacing );\"><b>10.Haftungsausschluss<\/b><\/span><\/p>\n<p>F\u00fcr alle Vertr\u00e4ge und Rechtsverh\u00e4ltnisse zwischen uns und der betreffenden Person gilt das niederl\u00e4ndische Recht. Diese Erkl\u00e4rung kann sich von Zeit zu Zeit \u00e4ndern, zum Beispiel weil unsere Website oder die Gesetzgebung ge\u00e4ndert wird. Wir k\u00f6nnen den Inhalt dieser Erkl\u00e4rung jederzeit ohne vorherige Ank\u00fcndigung \u00e4ndern.<\/p>\t\t\t\t\t\t\t\t<\/div>\n\t\t\t\t<\/div>\n\t\t\t\t\t<\/div>\n\t\t<\/div>\n\t\t\t\t\t<\/div>\n\t\t<\/section>\n\t\t\t\t<\/div>","protected":false},"excerpt":{"rendered":"<p>Privacy policy Per Januari 2023 Privacy Statement&nbsp; \u2013&nbsp; Offenbach Group Thank you for visiting our online shop. Protection of your privacy is very important to us. Ron Offenbach B.V. is data controller. You can contact us via privacy@offenbachgroup.com Below you will find extensive information about how we handle your data. 1.General Colori Kidz is part [&hellip;]<\/p>\n","protected":false},"author":1,"featured_media":0,"parent":0,"menu_order":0,"comment_status":"closed","ping_status":"closed","template":"","meta":{"footnotes":""},"class_list":["post-3","page","type-page","status-publish","hentry"],"_links":{"self":[{"href":"https:\/\/www.coloriwatches.com\/de\/wp-json\/wp\/v2\/pages\/3","targetHints":{"allow":["GET"]}}],"collection":[{"href":"https:\/\/www.coloriwatches.com\/de\/wp-json\/wp\/v2\/pages"}],"about":[{"href":"https:\/\/www.coloriwatches.com\/de\/wp-json\/wp\/v2\/types\/page"}],"author":[{"embeddable":true,"href":"https:\/\/www.coloriwatches.com\/de\/wp-json\/wp\/v2\/users\/1"}],"replies":[{"embeddable":true,"href":"https:\/\/www.coloriwatches.com\/de\/wp-json\/wp\/v2\/comments?post=3"}],"version-history":[{"count":36,"href":"https:\/\/www.coloriwatches.com\/de\/wp-json\/wp\/v2\/pages\/3\/revisions"}],"predecessor-version":[{"id":1895,"href":"https:\/\/www.coloriwatches.com\/de\/wp-json\/wp\/v2\/pages\/3\/revisions\/1895"}],"wp:attachment":[{"href":"https:\/\/www.coloriwatches.com\/de\/wp-json\/wp\/v2\/media?parent=3"}],"curies":[{"name":"wp","href":"https:\/\/api.w.org\/{rel}","templated":true}]}}