{"id":10,"date":"2022-12-12T12:59:44","date_gmt":"2022-12-12T12:59:44","guid":{"rendered":"https:\/\/coloriwatches.com\/dev_epic_staging\/?page_id=10"},"modified":"2026-03-18T09:22:33","modified_gmt":"2026-03-18T09:22:33","slug":"terms-conditions","status":"publish","type":"page","link":"https:\/\/www.coloriwatches.com\/de\/terms-conditions\/","title":{"rendered":"Bedingungen und Konditionen"},"content":{"rendered":"<div data-elementor-type=\"wp-page\" data-elementor-id=\"10\" class=\"elementor elementor-10\" data-elementor-post-type=\"page\">\n\t\t\t\t\t\t<section data-particle_enable=\"false\" data-particle-mobile-disabled=\"false\" class=\"elementor-section elementor-top-section elementor-element elementor-element-492fe8d4 elementor-section-full_width elementor-section-height-default elementor-section-height-default\" data-id=\"492fe8d4\" data-element_type=\"section\" data-e-type=\"section\">\n\t\t\t\t\t\t<div class=\"elementor-container elementor-column-gap-default\">\n\t\t\t\t\t<div class=\"elementor-column elementor-col-100 elementor-top-column elementor-element elementor-element-4c77f014\" data-id=\"4c77f014\" data-element_type=\"column\" data-e-type=\"column\">\n\t\t\t<div class=\"elementor-widget-wrap elementor-element-populated\">\n\t\t\t\t\t\t<div class=\"elementor-element elementor-element-4f06aa24 elementor--h-position-right elementor--v-position-bottom elementor-arrows-position-inside elementor-pagination-position-inside elementor-widget elementor-widget-slides\" data-id=\"4f06aa24\" data-element_type=\"widget\" data-e-type=\"widget\" data-settings=\"{&quot;navigation&quot;:&quot;both&quot;,&quot;autoplay&quot;:&quot;yes&quot;,&quot;pause_on_hover&quot;:&quot;yes&quot;,&quot;pause_on_interaction&quot;:&quot;yes&quot;,&quot;autoplay_speed&quot;:5000,&quot;infinite&quot;:&quot;yes&quot;,&quot;transition&quot;:&quot;slide&quot;,&quot;transition_speed&quot;:500}\" data-widget_type=\"slides.default\">\n\t\t\t\t<div class=\"elementor-widget-container\">\n\t\t\t\t\t\t\t\t\t<div class=\"elementor-swiper\">\n\t\t\t\t\t<div class=\"elementor-slides-wrapper elementor-main-swiper swiper\" role=\"region\" aria-roledescription=\"carousel\" aria-label=\"Folien\" dir=\"ltr\" data-animation=\"fadeInUp\">\n\t\t\t\t<div class=\"swiper-wrapper elementor-slides\">\n\t\t\t\t\t\t\t\t\t\t<div class=\"elementor-repeater-item-abcb381 swiper-slide\" role=\"group\" aria-roledescription=\"slide\"><div class=\"swiper-slide-bg\" role=\"img\" aria-label=\"Banner_FAQ\"><\/div><div class=\"swiper-slide-inner\" ><div class=\"swiper-slide-contents\"><\/div><\/div><\/div>\t\t\t\t<\/div>\n\t\t\t\t\t\t\t<\/div>\n\t\t\t\t<\/div>\n\t\t\t\t\t\t\t\t<\/div>\n\t\t\t\t<\/div>\n\t\t\t\t\t<\/div>\n\t\t<\/div>\n\t\t\t\t\t<\/div>\n\t\t<\/section>\n\t\t\t\t<section data-particle_enable=\"false\" data-particle-mobile-disabled=\"false\" class=\"elementor-section elementor-top-section elementor-element elementor-element-13b64088 elementor-section-boxed elementor-section-height-default elementor-section-height-default\" data-id=\"13b64088\" data-element_type=\"section\" data-e-type=\"section\">\n\t\t\t\t\t\t<div class=\"elementor-container elementor-column-gap-default\">\n\t\t\t\t\t<div class=\"elementor-column elementor-col-100 elementor-top-column elementor-element elementor-element-67181eec\" data-id=\"67181eec\" data-element_type=\"column\" data-e-type=\"column\">\n\t\t\t<div class=\"elementor-widget-wrap elementor-element-populated\">\n\t\t\t\t\t\t<div class=\"elementor-element elementor-element-7de8c863 elementor-widget elementor-widget-text-editor\" data-id=\"7de8c863\" data-element_type=\"widget\" data-e-type=\"widget\" data-widget_type=\"text-editor.default\">\n\t\t\t\t<div class=\"elementor-widget-container\">\n\t\t\t\t\t\t\t\t\t<p><\/p>\n<p><span lang=\"EN-US\">- Zuletzt aktualisiert am 1. Januar 2023 -<\/span><\/p>\n<p>&nbsp;<\/p>\n<p><b>Colori Kidz<\/b><\/p>\n<p><span lang=\"EN-US\">Diese allgemeinen Gesch\u00e4ftsbedingungen gelten f\u00fcr alle Angebote von Colori Kidz und alle Vertr\u00e4ge, die mit unserem Unternehmen geschlossen werden. Colori Kidz firmiert unter dem Handelsnamen Ron Offenbach B.V., der nach niederl\u00e4ndischem Recht anerkannt ist. Der Hauptsitz des Unternehmens befindet sich in den Niederlanden, De Wetering 101, 4906 CT in Oosterhout. Das Unternehmen ist bei der niederl\u00e4ndischen Handelskammer, Abteilung Oosterhout, unter der DCC-Nummer 20092690 eingetragen.<\/span><\/p>\n<p><span lang=\"EN-US\">\u00a0<\/span><\/p>\n<p><b>Allgemein<\/b><\/p>\n<p><span lang=\"EN-US\">Die Liefer- und Zahlungsbedingungen gelten f\u00fcr alle Colori Kidz Produkte. Sie sind f\u00fcr jedermann \u00fcber die Colori Kidz Homepage www.coloriwatches.com zug\u00e4nglich.<\/span><\/p>\n<p><span lang=\"EN-US\">Wenn Sie diese Bedingungen nach der Best\u00e4tigung Ihrer Bestellung akzeptieren, wird eine verbindliche Vereinbarung getroffen. Sobald Ihre Bestellung eingegangen ist, erhalten Sie eine automatisch generierte E-Mail zur Best\u00e4tigung Ihrer Bestellung.<\/span><\/p>\n<p><span lang=\"EN-US\">Im Falle einer R\u00fccksendung informieren Sie bitte das Colori Kidz-Kundenteam innerhalb von 14 Tagen und warten Sie auf Anweisungen, bevor Sie etwas unternehmen. Sobald der Artikel zur\u00fcckgeschickt wurde, warten Sie bitte bis zu 14 Tage ab Empfangsdatum, damit die R\u00fcckerstattung bearbeitet und der verwendeten Zahlungsmethode gutgeschrieben werden kann.<\/span><\/p>\n<p><span lang=\"EN-US\">\u00a0<\/span><\/p>\n<p><b>Garantierter Preis<\/b><\/p>\n<p><span lang=\"EN-US\">Diese Webseite kann typographische Fehler enthalten und die Farben der abgebildeten Produkte k\u00f6nnen leicht von der Realit\u00e4t abweichen. Colori Kidz haftet daher nicht f\u00fcr Ungenauigkeiten, die sich aus Fehlern der dargestellten Produkte ergeben, da diese im Voraus erw\u00e4hnt wurden.<\/span><\/p>\n<p><span lang=\"EN-US\">Alle auf unserer Website angebotenen Preise sind in EURO angegeben und enthalten 21% Mehrwertsteuer, die den spezifischen Anforderungen des niederl\u00e4ndischen Rechts entspricht. Falls eine Bestellung au\u00dferhalb der EU aufgegeben wird, beachten Sie bitte, dass abh\u00e4ngig von Ihrer Region, den \u00f6rtlichen Z\u00f6llen und Steuern, lokale Abgaben anfallen k\u00f6nnen. Diese Kosten gehen zu Ihren eigenen Lasten. Beachten Sie bitte auch, dass Colori Kidz keinen entscheidenden Einfluss auf diese Geb\u00fchren hat. Daher raten wir Ihnen, sich f\u00fcr weitere Informationen an Ihr \u00f6rtliches Zollamt zu wenden.<\/span><\/p>\n<p><span lang=\"EN-US\">Colori Kidz beh\u00e4lt sich das Recht vor, seine Preise jederzeit zu \u00e4ndern. Allerdings werden wir das Produkt auf der Grundlage der Zeit der Bestellung in Rechnung stellen.<\/span><\/p>\n<p><b>\u00a0<\/b><\/p>\n<p><b>Kosten der Verbringung<\/b><\/p>\n<table style=\"border-collapse: collapse;\" width=\"443\">\n<tbody>\n<tr>\n<td style=\"border: none;\" width=\"152\"><b>Au\u00dferhalb der EU<\/b><\/td>\n<td style=\"border: none;\" width=\"168\">Keine kostenlose Lieferung<\/td>\n<td style=\"border: none;\" width=\"123\">\u00a0<\/td>\n<\/tr>\n<tr>\n<td style=\"border: none;\"><b>Innerhalb der EU<\/b><\/td>\n<td style=\"border: none;\">\u00dcber 75 \u20ac kostenlose Lieferung<\/td>\n<td style=\"border: none;\">\u00a0<\/td>\n<\/tr>\n<tr>\n<td style=\"border: none;\">\u00a0<\/td>\n<td style=\"border: none;\">\u00a0<\/td>\n<td style=\"border: none;\">\u00a0<\/td>\n<\/tr>\n<tr>\n<td style=\"border: none;\"><b>L\u00e4nder<\/b><\/td>\n<td style=\"border: none;\"><b>Kosten f\u00fcr den Versand<\/b><\/td>\n<td style=\"border: none;\"><b>Lieferfrist<\/b><\/td>\n<\/tr>\n<tr>\n<td style=\"border: none;\">Die Niederlande<\/td>\n<td style=\"border: none;\">Unter \u20ac75,- = \u20ac5,95<\/td>\n<td style=\"border: none;\">1-2 Arbeitstage<\/td>\n<\/tr>\n<tr>\n<td style=\"border: none;\">Deutschland<\/td>\n<td style=\"border: none;\">Unter \u20ac75,- = \u20ac5,95<\/td>\n<td style=\"border: none;\">2-3 Arbeitstage<\/td>\n<\/tr>\n<tr>\n<td style=\"border: none;\">Belgien<\/td>\n<td style=\"border: none;\">Unter \u20ac75,- = \u20ac5,95<\/td>\n<td style=\"border: none;\">1-2 Arbeitstage<\/td>\n<\/tr>\n<tr>\n<td style=\"border: none;\">Frankreich<\/td>\n<td style=\"border: none;\">Unter \u20ac75,- = \u20ac5,95<\/td>\n<td style=\"border: none;\">2-4 Arbeitstage<\/td>\n<\/tr>\n<tr>\n<td style=\"border: none;\">Luxemburg<\/td>\n<td style=\"border: none;\">Unter \u20ac75,- = \u20ac5,95<\/td>\n<td style=\"border: none;\">1-2 Arbeitstage<\/td>\n<\/tr>\n<tr>\n<td style=\"border: none;\">\u00d6sterreich<\/td>\n<td style=\"border: none;\">Unter \u20ac75,- = \u20ac5,95<\/td>\n<td style=\"border: none;\">2-3 Arbeitstage<\/td>\n<\/tr>\n<tr>\n<td style=\"border: none;\">Bulgarien<\/td>\n<td style=\"border: none;\">Unter \u20ac75,- = \u20ac14,95<\/td>\n<td style=\"border: none;\">4-6 Arbeitstage<\/td>\n<\/tr>\n<tr>\n<td style=\"border: none;\">Zypern<\/td>\n<td style=\"border: none;\">Unter \u20ac75,- = \u20ac14,95<\/td>\n<td style=\"border: none;\">4-6 Arbeitstage<\/td>\n<\/tr>\n<tr>\n<td style=\"border: none;\">D\u00e4nemark<\/td>\n<td style=\"border: none;\">Unter \u20ac75,- = \u20ac14,95<\/td>\n<td style=\"border: none;\">2-3 Arbeitstage<\/td>\n<\/tr>\n<tr>\n<td style=\"border: none;\">Estland<\/td>\n<td style=\"border: none;\">Unter \u20ac75,- = \u20ac14,95<\/td>\n<td style=\"border: none;\">4-6 Arbeitstage<\/td>\n<\/tr>\n<tr>\n<td style=\"border: none;\">Griechenland<\/td>\n<td style=\"border: none;\">Unter \u20ac75,- = \u20ac14,95<\/td>\n<td style=\"border: none;\">3-6 Arbeitstage<\/td>\n<\/tr>\n<tr>\n<td style=\"border: none;\">Ungarn<\/td>\n<td style=\"border: none;\">Unter \u20ac75,- = \u20ac5,95<\/td>\n<td style=\"border: none;\">2-3 Arbeitstage<\/td>\n<\/tr>\n<tr>\n<td style=\"border: none;\">Irland<\/td>\n<td style=\"border: none;\">Unter \u20ac75,- = \u20ac14,95<\/td>\n<td style=\"border: none;\">2-6 Arbeitstage<\/td>\n<\/tr>\n<tr>\n<td style=\"border: none;\">Italien<\/td>\n<td style=\"border: none;\">Unter \u20ac75,- = \u20ac14,95<\/td>\n<td style=\"border: none;\">2-3 Arbeitstage<\/td>\n<\/tr>\n<tr>\n<td style=\"border: none;\">Kroatien<\/td>\n<td style=\"border: none;\">Unter \u20ac75,- = \u20ac14,95<\/td>\n<td style=\"border: none;\">5-8 Arbeitstage<\/td>\n<\/tr>\n<tr>\n<td style=\"border: none;\">Lettland<\/td>\n<td style=\"border: none;\">Unter \u20ac75,- = \u20ac14,95<\/td>\n<td style=\"border: none;\">3-6 Arbeitstage<\/td>\n<\/tr>\n<tr>\n<td style=\"border: none;\">Litauen<\/td>\n<td style=\"border: none;\">Unter \u20ac75,- = \u20ac14,95<\/td>\n<td style=\"border: none;\">4-6 Arbeitstage<\/td>\n<\/tr>\n<tr>\n<td style=\"border: none;\">Malta<\/td>\n<td style=\"border: none;\">Unter \u20ac75,- = \u20ac14,95<\/td>\n<td style=\"border: none;\">3-6 Arbeitstage<\/td>\n<\/tr>\n<tr>\n<td style=\"border: none;\">Polen<\/td>\n<td style=\"border: none;\">Unter \u20ac75,- = \u20ac5,95<\/td>\n<td style=\"border: none;\">2-4 Arbeitstage<\/td>\n<\/tr>\n<tr>\n<td style=\"border: none;\">Portugal<\/td>\n<td style=\"border: none;\">Unter \u20ac75,- = \u20ac14,95<\/td>\n<td style=\"border: none;\">3-5 Arbeitstage<\/td>\n<\/tr>\n<tr>\n<td style=\"border: none;\">Rum\u00e4nien<\/td>\n<td style=\"border: none;\">Unter \u20ac75,- = \u20ac14,95<\/td>\n<td style=\"border: none;\">3-6 Arbeitstage<\/td>\n<\/tr>\n<tr>\n<td style=\"border: none;\">Slowenien<\/td>\n<td style=\"border: none;\">Unter \u20ac75,- = \u20ac14,95<\/td>\n<td style=\"border: none;\">2-4 Arbeitstage<\/td>\n<\/tr>\n<tr>\n<td style=\"border: none;\">Slowakei<\/td>\n<td style=\"border: none;\">Unter \u20ac75,- = \u20ac5,95<\/td>\n<td style=\"border: none;\">3-6 Arbeitstage<\/td>\n<\/tr>\n<tr>\n<td style=\"border: none;\">Spanien<\/td>\n<td style=\"border: none;\">Unter \u20ac75,- = \u20ac14,95<\/td>\n<td style=\"border: none;\">3-5 Arbeitstage<\/td>\n<\/tr>\n<tr>\n<td style=\"border: none;\">Schweden<\/td>\n<td style=\"border: none;\">Unter \u20ac75,- = \u20ac14,95<\/td>\n<td style=\"border: none;\">2-5 Arbeitstage<\/td>\n<\/tr>\n<tr>\n<td style=\"border: none;\">Finnland<\/td>\n<td style=\"border: none;\">Unter \u20ac75,- = \u20ac14,95<\/td>\n<td style=\"border: none;\">3-6 Arbeitstage<\/td>\n<\/tr>\n<tr>\n<td style=\"border: none;\">Alle anderen L\u00e4nder<\/td>\n<td style=\"border: none;\">\u20ac29,95<\/td>\n<td style=\"border: none;\">\u00a0<\/td>\n<\/tr>\n<\/tbody>\n<\/table>\n<p><span lang=\"EN-US\">SICHERE BEZAHLUNG<\/span><\/p>\n<p><span lang=\"EN-US\">Verf\u00fcgbare Zahlungsarten f\u00fcr die Europ\u00e4ische Union: IDEAL, PayPal, Visa und Mastercard<\/span><\/p>\n<p><span lang=\"EN-US\">\u00a0<\/span><\/p>\t\t\t\t\t\t\t\t<\/div>\n\t\t\t\t<\/div>\n\t\t\t\t<div class=\"elementor-element elementor-element-ae2123e elementor-widget elementor-widget-menu-anchor\" data-id=\"ae2123e\" data-element_type=\"widget\" data-e-type=\"widget\" data-widget_type=\"menu-anchor.default\">\n\t\t\t\t<div class=\"elementor-widget-container\">\n\t\t\t\t\t\t\t<div class=\"elementor-menu-anchor\" id=\"section_target\"><\/div>\n\t\t\t\t\t\t<\/div>\n\t\t\t\t<\/div>\n\t\t\t\t<div class=\"elementor-element elementor-element-092f96d elementor-widget elementor-widget-text-editor\" data-id=\"092f96d\" data-element_type=\"widget\" data-e-type=\"widget\" data-widget_type=\"text-editor.default\">\n\t\t\t\t<div class=\"elementor-widget-container\">\n\t\t\t\t\t\t\t\t\t<p><span style=\"color: var( --e-global-color-primary ); font-family: var( --e-global-typography-primary-font-family ), Sans-serif; font-size: var( --e-global-typography-primary-font-size ); font-weight: var( --e-global-typography-primary-font-weight ); letter-spacing: var( --e-global-typography-primary-letter-spacing );\">\u00a0<\/span><b style=\"color: var( --e-global-color-primary ); font-family: var( --e-global-typography-primary-font-family ), Sans-serif; font-size: var( --e-global-typography-primary-font-size ); letter-spacing: var( --e-global-typography-primary-letter-spacing );\">Lieferung<\/b><\/p>\n<p><span lang=\"EN-US\">Colori Kidz kann nicht f\u00fcr den Verlust von Sendungen verantwortlich gemacht werden, die durch eine falsche Angabe der Lieferadresse durch den K\u00e4ufer verursacht wurden. Falls Informationen erforderlich sind, kann Colori Kidz Sie f\u00fcr weitere Anforderungen kontaktieren. Es sollte daher in Betracht gezogen werden, dass es zu einer Verz\u00f6gerung der Lieferung kommen kann.<\/span><\/p>\n<p><span lang=\"EN-US\">Im Falle einer Besch\u00e4digung oder unvollst\u00e4ndigen Lieferung, sollte das Colori Kidz Kundenbetreuungsteam innerhalb von 24 Stunden nach Erhalt der Produkte informiert werden. Bitte warten Sie auf Anweisungen per E-Mail bez\u00fcglich der R\u00fccksendung.<\/span><\/p>\n<p><span lang=\"EN-US\">\u00a0<\/span><\/p>\n<p><b>Kostenloses Geschenk*<\/b><\/p>\n<p><span lang=\"EN-US\">Solange der Vorrat reicht, erhalten Sie ein kostenloses Geschenk zu Ihrer Bestellung. <\/span><\/p>\n<p><span lang=\"EN-US\">\u00a0<\/span><\/p>\n<p><b>Haftung<\/b><\/p>\n<p><span lang=\"EN-US\">Colori Kidz bem\u00fcht sich, die voraussichtlichen Liefertermine einzuhalten und kann f\u00fcr eventuelle Verz\u00f6gerungen bei der Auslieferung einer Bestellung nicht haftbar gemacht werden.<\/span><\/p>\n<p><span lang=\"EN-US\">\u00a0<\/span><\/p>\n<p><b>Garantie und Reparatur<\/b><\/p>\n<p><span lang=\"EN-US\">F\u00fcr Ihren Kauf bei Colori Kidz gilt eine Garantie von 6 Monaten ab Kaufdatum gem\u00e4\u00df den Bedingungen dieser Garantie. Sie deckt Material- und Herstellungsfehler ab, die zum Zeitpunkt des Kaufs bestehen und tritt nur in Kraft, wenn der Garantieschein korrekt und vollst\u00e4ndig ist.<\/span><\/p>\n<p><span lang=\"EN-US\">\u00a0<\/span><\/p>\n<p><span lang=\"EN-US\">Die Herstellergarantie gilt nicht im Falle von:<\/span><\/p>\n<p><span lang=\"EN-US\">Sch\u00e4den, die durch unsachgem\u00e4\u00dfen Gebrauch, mangelnde Sorgfalt, Nachl\u00e4ssigkeit und Unf\u00e4lle wie Zerkratzen, Aufprallen oder Fallenlassen der Colori Kidz Produkte entstehen.<\/span><\/p>\n<p><span lang=\"EN-US\">Produkte, die von nicht autorisierten Personen gehandhabt werden, ohne schriftliche Genehmigung von Colori Kidz.<\/span><\/p>\n<p><span lang=\"EN-US\">Bei Fragen zu R\u00fcckgabe und Garantie kann der K\u00e4ufer Colori Kidz jederzeit per E-Mail kontaktieren: info@coloriwatches.com<\/span><\/p>\n<p><span lang=\"EN-US\">\u00a0<\/span><\/p>\n<p><b>Geltende Gesetze<\/b><\/p>\n<p>\u00a0<\/p>\n<p><span lang=\"EN-US\">Auf alle Vertr\u00e4ge und Rechtsverh\u00e4ltnisse zwischen Colori Kidz und seinen Kunden findet niederl\u00e4ndisches Recht Anwendung, unabh\u00e4ngig davon, von wo aus die Bestellung aufgegeben und versandt wird.<\/span><\/p>\n<p><\/p>\t\t\t\t\t\t\t\t<\/div>\n\t\t\t\t<\/div>\n\t\t\t\t\t<\/div>\n\t\t<\/div>\n\t\t\t\t\t<\/div>\n\t\t<\/section>\n\t\t\t\t<\/div>","protected":false},"excerpt":{"rendered":"<p>\u2013 Last updated on January 1, 2023 \u2013 &nbsp; Colori Kidz These general terms and conditions apply to all offers of Colori Kidz and all agreements entered into our company. Colori Kidz operates under the trade name of Ron Offenbach B.V., which is recognized under the Dutch law. Its head office is based in The [&hellip;]<\/p>\n","protected":false},"author":1,"featured_media":0,"parent":0,"menu_order":0,"comment_status":"closed","ping_status":"closed","template":"","meta":{"footnotes":""},"class_list":["post-10","page","type-page","status-publish","hentry"],"_links":{"self":[{"href":"https:\/\/www.coloriwatches.com\/de\/wp-json\/wp\/v2\/pages\/10","targetHints":{"allow":["GET"]}}],"collection":[{"href":"https:\/\/www.coloriwatches.com\/de\/wp-json\/wp\/v2\/pages"}],"about":[{"href":"https:\/\/www.coloriwatches.com\/de\/wp-json\/wp\/v2\/types\/page"}],"author":[{"embeddable":true,"href":"https:\/\/www.coloriwatches.com\/de\/wp-json\/wp\/v2\/users\/1"}],"replies":[{"embeddable":true,"href":"https:\/\/www.coloriwatches.com\/de\/wp-json\/wp\/v2\/comments?post=10"}],"version-history":[{"count":40,"href":"https:\/\/www.coloriwatches.com\/de\/wp-json\/wp\/v2\/pages\/10\/revisions"}],"predecessor-version":[{"id":18680,"href":"https:\/\/www.coloriwatches.com\/de\/wp-json\/wp\/v2\/pages\/10\/revisions\/18680"}],"wp:attachment":[{"href":"https:\/\/www.coloriwatches.com\/de\/wp-json\/wp\/v2\/media?parent=10"}],"curies":[{"name":"wp","href":"https:\/\/api.w.org\/{rel}","templated":true}]}}